{"id":1117,"date":"2015-08-28T23:16:58","date_gmt":"2015-08-28T21:16:58","guid":{"rendered":"http:\/\/www.2lm.ch\/wordpress\/?page_id=1117"},"modified":"2015-08-28T23:36:57","modified_gmt":"2015-08-28T21:36:57","slug":"konzert-kristberg-im-montafon","status":"publish","type":"page","link":"https:\/\/www.2lm.ch\/wordpress\/konzert-kristberg-im-montafon","title":{"rendered":"Konzert Kristberg im Montafon"},"content":{"rendered":"<p><strong>Vor einer einmaligen Bergkulisse durften wir die G\u00e4ste im Panoramagasthof Kristberg bei perfektem Bergwetter musikalisch unterhalten.<\/strong><\/p>\n<p>Schon die Anreise war f\u00fcr einige von uns recht abenteuerlich, galt es doch, die 800 H\u00f6henmeter von der Talstation Silbertal auf den Kristberg mit einer Kabinenseilbahn zu \u00fcberwinden.<\/p>\n<p><a href=\"http:\/\/www.2lm.ch\/wordpress\/wp-content\/uploads\/2015\/08\/DSC023241.jpg\"><img loading=\"lazy\" decoding=\"async\" class=\"alignnone size-large wp-image-1103\" src=\"http:\/\/www.2lm.ch\/wordpress\/wp-content\/uploads\/2015\/08\/DSC023241-1024x680.jpg\" alt=\"\" width=\"625\" height=\"415\" srcset=\"https:\/\/www.2lm.ch\/wordpress\/wp-content\/uploads\/2015\/08\/DSC023241-1024x680.jpg 1024w, https:\/\/www.2lm.ch\/wordpress\/wp-content\/uploads\/2015\/08\/DSC023241-300x199.jpg 300w, https:\/\/www.2lm.ch\/wordpress\/wp-content\/uploads\/2015\/08\/DSC023241-624x415.jpg 624w\" sizes=\"auto, (max-width: 625px) 100vw, 625px\" \/><\/a>\u00a0<a href=\"http:\/\/www.2lm.ch\/wordpress\/wp-content\/uploads\/2015\/08\/DSC02249.jpg\"><img loading=\"lazy\" decoding=\"async\" class=\"alignnone size-large wp-image-1105\" src=\"http:\/\/www.2lm.ch\/wordpress\/wp-content\/uploads\/2015\/08\/DSC02249-1024x680.jpg\" alt=\"\" width=\"625\" height=\"415\" srcset=\"https:\/\/www.2lm.ch\/wordpress\/wp-content\/uploads\/2015\/08\/DSC02249-1024x680.jpg 1024w, https:\/\/www.2lm.ch\/wordpress\/wp-content\/uploads\/2015\/08\/DSC02249-300x199.jpg 300w, https:\/\/www.2lm.ch\/wordpress\/wp-content\/uploads\/2015\/08\/DSC02249-624x415.jpg 624w\" sizes=\"auto, (max-width: 625px) 100vw, 625px\" \/><\/a><\/p>\n<p>Mit unserem vielseitigen Programm kamen alle der zahlreich anwesenden G\u00e4ste nicht nur kulinarisch, sondern auch musikalisch auf ihre Kosten.<\/p>\n<p><a href=\"http:\/\/www.2lm.ch\/wordpress\/wp-content\/uploads\/2015\/08\/DSC02355.jpg\"><img loading=\"lazy\" decoding=\"async\" class=\"alignnone size-large wp-image-1076\" src=\"http:\/\/www.2lm.ch\/wordpress\/wp-content\/uploads\/2015\/08\/DSC02355-1024x680.jpg\" alt=\"\" width=\"625\" height=\"415\" srcset=\"https:\/\/www.2lm.ch\/wordpress\/wp-content\/uploads\/2015\/08\/DSC02355-1024x680.jpg 1024w, https:\/\/www.2lm.ch\/wordpress\/wp-content\/uploads\/2015\/08\/DSC02355-300x199.jpg 300w, https:\/\/www.2lm.ch\/wordpress\/wp-content\/uploads\/2015\/08\/DSC02355-624x415.jpg 624w\" sizes=\"auto, (max-width: 625px) 100vw, 625px\" \/><\/a>\u00a0<a href=\"http:\/\/www.2lm.ch\/wordpress\/wp-content\/uploads\/2015\/08\/DSC02371.jpg\"><img loading=\"lazy\" decoding=\"async\" class=\"alignnone size-large wp-image-1077\" src=\"http:\/\/www.2lm.ch\/wordpress\/wp-content\/uploads\/2015\/08\/DSC02371-1024x680.jpg\" alt=\"\" width=\"625\" height=\"415\" srcset=\"https:\/\/www.2lm.ch\/wordpress\/wp-content\/uploads\/2015\/08\/DSC02371-1024x680.jpg 1024w, https:\/\/www.2lm.ch\/wordpress\/wp-content\/uploads\/2015\/08\/DSC02371-300x199.jpg 300w, https:\/\/www.2lm.ch\/wordpress\/wp-content\/uploads\/2015\/08\/DSC02371-624x415.jpg 624w\" sizes=\"auto, (max-width: 625px) 100vw, 625px\" \/><\/a><\/p>\n<p>Der Bergwelt entsprechend putzten sich unsere Musikantinnen heraus und traten im feschen Dirndl auf. Sie brachten auch optisch Farbe ins Konzert.<\/p>\n<p><a href=\"http:\/\/www.2lm.ch\/wordpress\/wp-content\/uploads\/2015\/08\/DSC02348.jpg\"><img loading=\"lazy\" decoding=\"async\" class=\"alignnone size-large wp-image-1099\" src=\"http:\/\/www.2lm.ch\/wordpress\/wp-content\/uploads\/2015\/08\/DSC02348-1024x680.jpg\" alt=\"Kurt und Solist J\u00f6rg\" width=\"625\" height=\"415\" srcset=\"https:\/\/www.2lm.ch\/wordpress\/wp-content\/uploads\/2015\/08\/DSC02348-1024x680.jpg 1024w, https:\/\/www.2lm.ch\/wordpress\/wp-content\/uploads\/2015\/08\/DSC02348-300x199.jpg 300w, https:\/\/www.2lm.ch\/wordpress\/wp-content\/uploads\/2015\/08\/DSC02348-624x415.jpg 624w\" sizes=\"auto, (max-width: 625px) 100vw, 625px\" \/><\/a><\/p>\n<p>F\u00fcr unseren Dirigenten, Kurt Boll, war das Konzert als echter Silbertaler eine besondere Herausforderung.<\/p>\n<p>Dank der grossen Gastfreundschaft f\u00fchlten wir uns sehr schnell heimisch; dementsprechend verlief auch das Konzert.<\/p>\n<div id=\"attachment_1080\" style=\"width: 635px\" class=\"wp-caption alignnone\"><a href=\"http:\/\/www.2lm.ch\/wordpress\/wp-content\/uploads\/2015\/08\/DSC02263.jpg\"><img loading=\"lazy\" decoding=\"async\" aria-describedby=\"caption-attachment-1080\" class=\"size-large wp-image-1080\" src=\"http:\/\/www.2lm.ch\/wordpress\/wp-content\/uploads\/2015\/08\/DSC02263-1024x680.jpg\" alt=\"Solist Heinz im St\u00fcck Heaven\" width=\"625\" height=\"415\" srcset=\"https:\/\/www.2lm.ch\/wordpress\/wp-content\/uploads\/2015\/08\/DSC02263-1024x680.jpg 1024w, https:\/\/www.2lm.ch\/wordpress\/wp-content\/uploads\/2015\/08\/DSC02263-300x199.jpg 300w, https:\/\/www.2lm.ch\/wordpress\/wp-content\/uploads\/2015\/08\/DSC02263-624x415.jpg 624w\" sizes=\"auto, (max-width: 625px) 100vw, 625px\" \/><\/a><p id=\"caption-attachment-1080\" class=\"wp-caption-text\">Solist Heinz im St\u00fcck Heaven<\/p><\/div>\n<p>Peter und Andreas vermochten als \u201elustige Br\u00fcder\u201c das Publikum ebenso f\u00fcr sich einzunehmen wie Heinz mit seinem Saxophon-Solo in \u201eHeaven\u201c.<\/p>\n<div id=\"attachment_1084\" style=\"width: 635px\" class=\"wp-caption alignnone\"><a href=\"http:\/\/www.2lm.ch\/wordpress\/wp-content\/uploads\/2015\/08\/DSC02303.jpg\"><img loading=\"lazy\" decoding=\"async\" aria-describedby=\"caption-attachment-1084\" class=\"size-large wp-image-1084\" src=\"http:\/\/www.2lm.ch\/wordpress\/wp-content\/uploads\/2015\/08\/DSC02303-1024x680.jpg\" alt=\"Theresia und Andr\u00e9\" width=\"625\" height=\"415\" srcset=\"https:\/\/www.2lm.ch\/wordpress\/wp-content\/uploads\/2015\/08\/DSC02303-1024x680.jpg 1024w, https:\/\/www.2lm.ch\/wordpress\/wp-content\/uploads\/2015\/08\/DSC02303-300x199.jpg 300w, https:\/\/www.2lm.ch\/wordpress\/wp-content\/uploads\/2015\/08\/DSC02303-624x415.jpg 624w\" sizes=\"auto, (max-width: 625px) 100vw, 625px\" \/><\/a><p id=\"caption-attachment-1084\" class=\"wp-caption-text\">Theresia und Andr\u00e9<\/p><\/div>\n<p>Unsere S\u00e4ngerinnen und unser S\u00e4nger mussten das alpine Flair auch versp\u00fcrt haben, verzauberten Theresia, Heike und Andr\u00e9 die Zuh\u00f6rerinnen und Zuh\u00f6rer mit ihren Liedern.<\/p>\n<div id=\"attachment_1091\" style=\"width: 635px\" class=\"wp-caption alignnone\"><a href=\"http:\/\/www.2lm.ch\/wordpress\/wp-content\/uploads\/2015\/08\/DSC02288.jpg\"><img loading=\"lazy\" decoding=\"async\" aria-describedby=\"caption-attachment-1091\" class=\"size-large wp-image-1091\" src=\"http:\/\/www.2lm.ch\/wordpress\/wp-content\/uploads\/2015\/08\/DSC02288-680x1024.jpg\" alt=\"Sie m\u00f6gen sich, Evi und J\u00f6sy\" width=\"625\" height=\"941\" srcset=\"https:\/\/www.2lm.ch\/wordpress\/wp-content\/uploads\/2015\/08\/DSC02288-680x1024.jpg 680w, https:\/\/www.2lm.ch\/wordpress\/wp-content\/uploads\/2015\/08\/DSC02288-199x300.jpg 199w, https:\/\/www.2lm.ch\/wordpress\/wp-content\/uploads\/2015\/08\/DSC02288-624x939.jpg 624w\" sizes=\"auto, (max-width: 625px) 100vw, 625px\" \/><\/a><p id=\"caption-attachment-1091\" class=\"wp-caption-text\">Evi und J\u00f6sy<\/p><\/div>\n<p>Genauso viel Spass wie das Musizieren machte die Fotositzung und das abschliessende Nachtessen, wo der heimische \u201eEnzian\u201c so wenig fehlen durfte wie das gem\u00fctliche Zusammensitzen. (ab)<\/p>\n<p><strong>Impressionen:<\/strong><\/p>\n<p><a href=\"http:\/\/www.2lm.ch\/wordpress\/wp-content\/uploads\/2015\/08\/DSC02319.jpg\"><img loading=\"lazy\" decoding=\"async\" class=\"alignnone size-medium wp-image-1086\" src=\"http:\/\/www.2lm.ch\/wordpress\/wp-content\/uploads\/2015\/08\/DSC02319-300x199.jpg\" alt=\"\" width=\"300\" height=\"199\" srcset=\"https:\/\/www.2lm.ch\/wordpress\/wp-content\/uploads\/2015\/08\/DSC02319-300x199.jpg 300w, https:\/\/www.2lm.ch\/wordpress\/wp-content\/uploads\/2015\/08\/DSC02319-1024x680.jpg 1024w, https:\/\/www.2lm.ch\/wordpress\/wp-content\/uploads\/2015\/08\/DSC02319-624x415.jpg 624w\" sizes=\"auto, (max-width: 300px) 100vw, 300px\" \/><\/a>\u00a0<a href=\"http:\/\/www.2lm.ch\/wordpress\/wp-content\/uploads\/2015\/08\/DSC02321.jpg\"><img loading=\"lazy\" decoding=\"async\" class=\"alignnone size-medium wp-image-1087\" src=\"http:\/\/www.2lm.ch\/wordpress\/wp-content\/uploads\/2015\/08\/DSC02321-300x199.jpg\" alt=\"\" width=\"300\" height=\"199\" srcset=\"https:\/\/www.2lm.ch\/wordpress\/wp-content\/uploads\/2015\/08\/DSC02321-300x199.jpg 300w, https:\/\/www.2lm.ch\/wordpress\/wp-content\/uploads\/2015\/08\/DSC02321-1024x680.jpg 1024w, https:\/\/www.2lm.ch\/wordpress\/wp-content\/uploads\/2015\/08\/DSC02321-624x415.jpg 624w\" sizes=\"auto, (max-width: 300px) 100vw, 300px\" \/><\/a>\u00a0<a href=\"http:\/\/www.2lm.ch\/wordpress\/wp-content\/uploads\/2015\/08\/DSC02346.jpg\"><img loading=\"lazy\" decoding=\"async\" class=\"alignnone size-medium wp-image-1096\" src=\"http:\/\/www.2lm.ch\/wordpress\/wp-content\/uploads\/2015\/08\/DSC02346-300x199.jpg\" alt=\"\" width=\"300\" height=\"199\" srcset=\"https:\/\/www.2lm.ch\/wordpress\/wp-content\/uploads\/2015\/08\/DSC02346-300x199.jpg 300w, https:\/\/www.2lm.ch\/wordpress\/wp-content\/uploads\/2015\/08\/DSC02346-1024x680.jpg 1024w, https:\/\/www.2lm.ch\/wordpress\/wp-content\/uploads\/2015\/08\/DSC02346-624x415.jpg 624w\" sizes=\"auto, (max-width: 300px) 100vw, 300px\" \/><\/a>\u00a0<a href=\"http:\/\/www.2lm.ch\/wordpress\/wp-content\/uploads\/2015\/08\/DSC02324.jpg\"><img loading=\"lazy\" decoding=\"async\" class=\"alignnone size-medium wp-image-1093\" src=\"http:\/\/www.2lm.ch\/wordpress\/wp-content\/uploads\/2015\/08\/DSC02324-300x199.jpg\" alt=\"\" width=\"300\" height=\"199\" srcset=\"https:\/\/www.2lm.ch\/wordpress\/wp-content\/uploads\/2015\/08\/DSC02324-300x199.jpg 300w, https:\/\/www.2lm.ch\/wordpress\/wp-content\/uploads\/2015\/08\/DSC02324-1024x680.jpg 1024w, https:\/\/www.2lm.ch\/wordpress\/wp-content\/uploads\/2015\/08\/DSC02324-624x415.jpg 624w\" sizes=\"auto, (max-width: 300px) 100vw, 300px\" \/><\/a>\u00a0<a href=\"http:\/\/www.2lm.ch\/wordpress\/wp-content\/uploads\/2015\/08\/DSC02326.jpg\"><img loading=\"lazy\" decoding=\"async\" class=\"alignnone size-medium wp-image-1094\" src=\"http:\/\/www.2lm.ch\/wordpress\/wp-content\/uploads\/2015\/08\/DSC02326-300x199.jpg\" alt=\"\" width=\"300\" height=\"199\" srcset=\"https:\/\/www.2lm.ch\/wordpress\/wp-content\/uploads\/2015\/08\/DSC02326-300x199.jpg 300w, https:\/\/www.2lm.ch\/wordpress\/wp-content\/uploads\/2015\/08\/DSC02326-1024x680.jpg 1024w, https:\/\/www.2lm.ch\/wordpress\/wp-content\/uploads\/2015\/08\/DSC02326-624x415.jpg 624w\" sizes=\"auto, (max-width: 300px) 100vw, 300px\" \/><\/a>\u00a0<a href=\"http:\/\/www.2lm.ch\/wordpress\/wp-content\/uploads\/2015\/08\/DSC02333.jpg\"><img loading=\"lazy\" decoding=\"async\" class=\"alignnone size-medium wp-image-1095\" src=\"http:\/\/www.2lm.ch\/wordpress\/wp-content\/uploads\/2015\/08\/DSC02333-300x199.jpg\" alt=\"\" width=\"300\" height=\"199\" srcset=\"https:\/\/www.2lm.ch\/wordpress\/wp-content\/uploads\/2015\/08\/DSC02333-300x199.jpg 300w, https:\/\/www.2lm.ch\/wordpress\/wp-content\/uploads\/2015\/08\/DSC02333-1024x680.jpg 1024w, https:\/\/www.2lm.ch\/wordpress\/wp-content\/uploads\/2015\/08\/DSC02333-624x415.jpg 624w\" sizes=\"auto, (max-width: 300px) 100vw, 300px\" \/><\/a>\u00a0<a href=\"http:\/\/www.2lm.ch\/wordpress\/wp-content\/uploads\/2015\/08\/DSC02330.jpg\"><img loading=\"lazy\" decoding=\"async\" class=\"alignnone size-medium wp-image-1102\" src=\"http:\/\/www.2lm.ch\/wordpress\/wp-content\/uploads\/2015\/08\/DSC02330-300x199.jpg\" alt=\"\" width=\"300\" height=\"199\" srcset=\"https:\/\/www.2lm.ch\/wordpress\/wp-content\/uploads\/2015\/08\/DSC02330-300x199.jpg 300w, https:\/\/www.2lm.ch\/wordpress\/wp-content\/uploads\/2015\/08\/DSC02330-1024x680.jpg 1024w, https:\/\/www.2lm.ch\/wordpress\/wp-content\/uploads\/2015\/08\/DSC02330-624x415.jpg 624w\" sizes=\"auto, (max-width: 300px) 100vw, 300px\" \/><\/a>\u00a0<a href=\"http:\/\/www.2lm.ch\/wordpress\/wp-content\/uploads\/2015\/08\/DSC02182.jpg\"><img loading=\"lazy\" decoding=\"async\" class=\"alignnone size-medium wp-image-1108\" src=\"http:\/\/www.2lm.ch\/wordpress\/wp-content\/uploads\/2015\/08\/DSC02182-300x199.jpg\" alt=\"\" width=\"300\" height=\"199\" srcset=\"https:\/\/www.2lm.ch\/wordpress\/wp-content\/uploads\/2015\/08\/DSC02182-300x199.jpg 300w, https:\/\/www.2lm.ch\/wordpress\/wp-content\/uploads\/2015\/08\/DSC02182-1024x680.jpg 1024w, https:\/\/www.2lm.ch\/wordpress\/wp-content\/uploads\/2015\/08\/DSC02182-624x415.jpg 624w\" sizes=\"auto, (max-width: 300px) 100vw, 300px\" \/><\/a>\u00a0<a href=\"http:\/\/www.2lm.ch\/wordpress\/wp-content\/uploads\/2015\/08\/DSC02232.jpg\"><img loading=\"lazy\" decoding=\"async\" class=\"alignnone size-medium wp-image-1123\" src=\"http:\/\/www.2lm.ch\/wordpress\/wp-content\/uploads\/2015\/08\/DSC02232-300x199.jpg\" alt=\"\" width=\"300\" height=\"199\" srcset=\"https:\/\/www.2lm.ch\/wordpress\/wp-content\/uploads\/2015\/08\/DSC02232-300x199.jpg 300w, https:\/\/www.2lm.ch\/wordpress\/wp-content\/uploads\/2015\/08\/DSC02232-1024x680.jpg 1024w, https:\/\/www.2lm.ch\/wordpress\/wp-content\/uploads\/2015\/08\/DSC02232-624x415.jpg 624w\" sizes=\"auto, (max-width: 300px) 100vw, 300px\" \/><\/a>\u00a0<a href=\"http:\/\/www.2lm.ch\/wordpress\/wp-content\/uploads\/2015\/08\/DSC02269.jpg\"><img loading=\"lazy\" decoding=\"async\" class=\"alignnone size-medium wp-image-1125\" src=\"http:\/\/www.2lm.ch\/wordpress\/wp-content\/uploads\/2015\/08\/DSC02269-300x199.jpg\" alt=\"\" width=\"300\" height=\"199\" srcset=\"https:\/\/www.2lm.ch\/wordpress\/wp-content\/uploads\/2015\/08\/DSC02269-300x199.jpg 300w, https:\/\/www.2lm.ch\/wordpress\/wp-content\/uploads\/2015\/08\/DSC02269-1024x680.jpg 1024w, https:\/\/www.2lm.ch\/wordpress\/wp-content\/uploads\/2015\/08\/DSC02269-624x415.jpg 624w\" sizes=\"auto, (max-width: 300px) 100vw, 300px\" \/><\/a><\/p>\n","protected":false},"excerpt":{"rendered":"<p>Vor einer einmaligen Bergkulisse durften wir die G\u00e4ste im Panoramagasthof Kristberg bei perfektem Bergwetter musikalisch unterhalten. Schon die Anreise war f\u00fcr einige von uns recht abenteuerlich, galt es doch, die 800 H\u00f6henmeter von der Talstation Silbertal auf den Kristberg mit einer Kabinenseilbahn zu \u00fcberwinden. \u00a0 Mit unserem vielseitigen Programm kamen alle der zahlreich anwesenden G\u00e4ste [&hellip;]<\/p>\n","protected":false},"author":1,"featured_media":0,"parent":0,"menu_order":0,"comment_status":"closed","ping_status":"closed","template":"","meta":{"ngg_post_thumbnail":0,"footnotes":""},"class_list":["post-1117","page","type-page","status-publish","hentry"],"_links":{"self":[{"href":"https:\/\/www.2lm.ch\/wordpress\/wp-json\/wp\/v2\/pages\/1117","targetHints":{"allow":["GET"]}}],"collection":[{"href":"https:\/\/www.2lm.ch\/wordpress\/wp-json\/wp\/v2\/pages"}],"about":[{"href":"https:\/\/www.2lm.ch\/wordpress\/wp-json\/wp\/v2\/types\/page"}],"author":[{"embeddable":true,"href":"https:\/\/www.2lm.ch\/wordpress\/wp-json\/wp\/v2\/users\/1"}],"replies":[{"embeddable":true,"href":"https:\/\/www.2lm.ch\/wordpress\/wp-json\/wp\/v2\/comments?post=1117"}],"version-history":[{"count":5,"href":"https:\/\/www.2lm.ch\/wordpress\/wp-json\/wp\/v2\/pages\/1117\/revisions"}],"predecessor-version":[{"id":1126,"href":"https:\/\/www.2lm.ch\/wordpress\/wp-json\/wp\/v2\/pages\/1117\/revisions\/1126"}],"wp:attachment":[{"href":"https:\/\/www.2lm.ch\/wordpress\/wp-json\/wp\/v2\/media?parent=1117"}],"curies":[{"name":"wp","href":"https:\/\/api.w.org\/{rel}","templated":true}]}}