{"id":1274,"date":"2015-11-22T17:26:32","date_gmt":"2015-11-22T16:26:32","guid":{"rendered":"http:\/\/www.2lm.ch\/wordpress\/?page_id=1274"},"modified":"2015-12-07T19:42:28","modified_gmt":"2015-12-07T18:42:28","slug":"programm-weihnachtskonzert-2015","status":"publish","type":"page","link":"https:\/\/www.2lm.ch\/wordpress\/programm-weihnachtskonzert-2015","title":{"rendered":"Programm Weihnachtskonzert 2015"},"content":{"rendered":"<table>\n<tbody>\n<tr>\n<td>Nineteen-Fifty-Eight<\/td>\n<td>Kurt G\u00e4ble<\/td>\n<\/tr>\n<tr>\n<td>Alois Polka<\/td>\n<td>Anonym<\/td>\n<\/tr>\n<tr>\n<td>Blue Tango<\/td>\n<td>Leroy Anderson<\/td>\n<\/tr>\n<tr>\n<td>Fuchsgraben Polka<\/td>\n<td>Karel Vacek<\/td>\n<\/tr>\n<tr>\n<td>Espania Cani<\/td>\n<td>Toshio Mashima<\/td>\n<\/tr>\n<tr>\n<td>Ich m\u00f6cht so gern Trompete spiel&#8217;n<\/td>\n<td>Peter Schad<\/td>\n<\/tr>\n<tr>\n<td>Louenesee<\/td>\n<td>Sch\u00f6re M\u00fcller, Span<\/td>\n<\/tr>\n<tr>\n<td>Albtal Polka<\/td>\n<td>Rolf Schneebiegl<\/td>\n<\/tr>\n<tr>\n<td><strong>Pause<\/strong><\/td>\n<td><\/td>\n<\/tr>\n<tr>\n<td><em>Kleingruppe: I will survive<\/em><\/td>\n<td>Perren, Fekaris<\/td>\n<\/tr>\n<tr>\n<td><em>Kleingruppe: Superstition<\/em><\/td>\n<td>Stevie Wonder<\/td>\n<\/tr>\n<tr>\n<td>Blue Skies<\/td>\n<td>Irving Berlin<\/td>\n<\/tr>\n<tr>\n<td>Minnie the Moocher<\/td>\n<td>Calloway, Mills, Gaskill<\/td>\n<\/tr>\n<tr>\n<td>Ich will keine Schokolade<\/td>\n<td>Jack Morrow<\/td>\n<\/tr>\n<tr>\n<td>Morgens um sieben &#8230;<\/td>\n<td>James Last<\/td>\n<\/tr>\n<tr>\n<td>Sway<\/td>\n<td>Pablo Beltran Ruiz<\/td>\n<\/tr>\n<tr>\n<td>Wunderbar<\/td>\n<td>Jack S\u00e4uberli<\/td>\n<\/tr>\n<tr>\n<td>L\u00f6ffelpolka<\/td>\n<td>Antonin Borovicka<\/td>\n<\/tr>\n<tr>\n<td>Udo J\u00fcrgens Live<\/td>\n<td>Udo J\u00fcrgens<\/td>\n<\/tr>\n<tr>\n<td><strong>Pause<\/strong><\/td>\n<td><\/td>\n<\/tr>\n<tr>\n<td><i>Kleingruppe: Halleluja<\/i><\/td>\n<td>Leonard Cohen<\/td>\n<\/tr>\n<tr>\n<td>Happy Xmas<\/td>\n<td>John Lennon, Yoko Ono<\/td>\n<\/tr>\n<tr>\n<td>White Christmas<\/td>\n<td>Irving Berlin<\/td>\n<\/tr>\n<tr>\n<td>Winter Wonderland<\/td>\n<td>Felix Bernard<\/td>\n<\/tr>\n<tr>\n<td>Stille Nacht<\/td>\n<td>Franz Xaver Grubers<\/td>\n<\/tr>\n<\/tbody>\n<\/table>\n","protected":false},"excerpt":{"rendered":"<p>Nineteen-Fifty-Eight Kurt G\u00e4ble Alois Polka Anonym Blue Tango Leroy Anderson Fuchsgraben Polka Karel Vacek Espania Cani Toshio Mashima Ich m\u00f6cht so gern Trompete spiel&#8217;n Peter Schad Louenesee Sch\u00f6re M\u00fcller, Span Albtal Polka Rolf Schneebiegl Pause Kleingruppe: I will survive Perren, Fekaris Kleingruppe: Superstition Stevie Wonder Blue Skies Irving Berlin Minnie the Moocher Calloway, Mills, Gaskill [&hellip;]<\/p>\n","protected":false},"author":1,"featured_media":0,"parent":0,"menu_order":0,"comment_status":"closed","ping_status":"closed","template":"","meta":{"ngg_post_thumbnail":0,"footnotes":""},"class_list":["post-1274","page","type-page","status-publish","hentry"],"_links":{"self":[{"href":"https:\/\/www.2lm.ch\/wordpress\/wp-json\/wp\/v2\/pages\/1274","targetHints":{"allow":["GET"]}}],"collection":[{"href":"https:\/\/www.2lm.ch\/wordpress\/wp-json\/wp\/v2\/pages"}],"about":[{"href":"https:\/\/www.2lm.ch\/wordpress\/wp-json\/wp\/v2\/types\/page"}],"author":[{"embeddable":true,"href":"https:\/\/www.2lm.ch\/wordpress\/wp-json\/wp\/v2\/users\/1"}],"replies":[{"embeddable":true,"href":"https:\/\/www.2lm.ch\/wordpress\/wp-json\/wp\/v2\/comments?post=1274"}],"version-history":[{"count":16,"href":"https:\/\/www.2lm.ch\/wordpress\/wp-json\/wp\/v2\/pages\/1274\/revisions"}],"predecessor-version":[{"id":1295,"href":"https:\/\/www.2lm.ch\/wordpress\/wp-json\/wp\/v2\/pages\/1274\/revisions\/1295"}],"wp:attachment":[{"href":"https:\/\/www.2lm.ch\/wordpress\/wp-json\/wp\/v2\/media?parent=1274"}],"curies":[{"name":"wp","href":"https:\/\/api.w.org\/{rel}","templated":true}]}}