{"id":1698,"date":"2016-10-27T16:24:04","date_gmt":"2016-10-27T14:24:04","guid":{"rendered":"http:\/\/www.2lm.ch\/wordpress\/?page_id=1698"},"modified":"2024-02-04T17:19:42","modified_gmt":"2024-02-04T16:19:42","slug":"sponsoring","status":"publish","type":"page","link":"https:\/\/www.2lm.ch\/wordpress\/sponsoring","title":{"rendered":"Sponsoring"},"content":{"rendered":"<p>Gesch\u00e4tzte Sponsoren<\/p>\n<p>Wir sind eine regionale Unterhaltungsmusikformation, die nicht von Gemeindebeitr\u00e4gen profitiert und die Einnahmen aus Konzertgagen und Zuwendungen erarbeiten muss. Wir freuen uns deshalb \u00fcber Ihre gesch\u00e4tzte Unterst\u00fctzung und m\u00f6chten Ihnen Gelegenheit geben, sich als Sponsoren zu pr\u00e4sentieren.<\/p>\n<p>Unser n\u00e4chster grosser und wichtigster Anlass ist unser Jahreskonzert am<strong> Sonntag, 10. Nov. 2024, im Oberstufenzentrum in Tr\u00fcbbach<\/strong>. Wir werden Sie auf einer sch\u00f6n gestalteten und gut sichtbaren Tafel im Empfangsraum auf einer Fl\u00e4che einer liegenden A4-Seite als Sponsor auff\u00fchren.<\/p>\n<h1>Beispiele<\/h1>\n\n\n<figure class=\"wp-block-image\"><img loading=\"lazy\" decoding=\"async\" width=\"1024\" height=\"687\" src=\"http:\/\/www.2lm.ch\/wordpress\/wp-content\/uploads\/2019\/02\/Marxers-Kochwelt-1024x687.png\" alt=\"\" class=\"wp-image-2314\" srcset=\"https:\/\/www.2lm.ch\/wordpress\/wp-content\/uploads\/2019\/02\/Marxers-Kochwelt-1024x687.png 1024w, https:\/\/www.2lm.ch\/wordpress\/wp-content\/uploads\/2019\/02\/Marxers-Kochwelt-300x201.png 300w, https:\/\/www.2lm.ch\/wordpress\/wp-content\/uploads\/2019\/02\/Marxers-Kochwelt-768x515.png 768w, https:\/\/www.2lm.ch\/wordpress\/wp-content\/uploads\/2019\/02\/Marxers-Kochwelt-600x402.png 600w, https:\/\/www.2lm.ch\/wordpress\/wp-content\/uploads\/2019\/02\/Marxers-Kochwelt-624x419.png 624w, https:\/\/www.2lm.ch\/wordpress\/wp-content\/uploads\/2019\/02\/Marxers-Kochwelt.png 1078w\" sizes=\"auto, (max-width: 1024px) 100vw, 1024px\" \/><\/figure>\n\n\n\n<figure class=\"wp-block-image\"><img loading=\"lazy\" decoding=\"async\" width=\"1024\" height=\"706\" src=\"http:\/\/www.2lm.ch\/wordpress\/wp-content\/uploads\/2019\/02\/Helbling-1024x706.png\" alt=\"\" class=\"wp-image-2318\" srcset=\"https:\/\/www.2lm.ch\/wordpress\/wp-content\/uploads\/2019\/02\/Helbling-1024x706.png 1024w, https:\/\/www.2lm.ch\/wordpress\/wp-content\/uploads\/2019\/02\/Helbling-300x207.png 300w, https:\/\/www.2lm.ch\/wordpress\/wp-content\/uploads\/2019\/02\/Helbling-768x530.png 768w, https:\/\/www.2lm.ch\/wordpress\/wp-content\/uploads\/2019\/02\/Helbling-600x414.png 600w, https:\/\/www.2lm.ch\/wordpress\/wp-content\/uploads\/2019\/02\/Helbling-624x430.png 624w, https:\/\/www.2lm.ch\/wordpress\/wp-content\/uploads\/2019\/02\/Helbling.png 1076w\" sizes=\"auto, (max-width: 1024px) 100vw, 1024px\" \/><\/figure>\n\n\n\n<figure class=\"wp-block-image\"><img loading=\"lazy\" decoding=\"async\" width=\"917\" height=\"631\" src=\"http:\/\/www.2lm.ch\/wordpress\/wp-content\/uploads\/2019\/02\/EW-Azmoos.png\" alt=\"\" class=\"wp-image-2321\" srcset=\"https:\/\/www.2lm.ch\/wordpress\/wp-content\/uploads\/2019\/02\/EW-Azmoos.png 917w, https:\/\/www.2lm.ch\/wordpress\/wp-content\/uploads\/2019\/02\/EW-Azmoos-300x206.png 300w, https:\/\/www.2lm.ch\/wordpress\/wp-content\/uploads\/2019\/02\/EW-Azmoos-768x528.png 768w, https:\/\/www.2lm.ch\/wordpress\/wp-content\/uploads\/2019\/02\/EW-Azmoos-600x413.png 600w, https:\/\/www.2lm.ch\/wordpress\/wp-content\/uploads\/2019\/02\/EW-Azmoos-624x429.png 624w\" sizes=\"auto, (max-width: 917px) 100vw, 917px\" \/><\/figure>\n\n\n\n<figure class=\"wp-block-image size-full\"><a href=\"http:\/\/www.2lm.ch\/wordpress\/wp-content\/uploads\/2022\/10\/MUNG.png\"><img loading=\"lazy\" decoding=\"async\" width=\"922\" height=\"636\" src=\"http:\/\/www.2lm.ch\/wordpress\/wp-content\/uploads\/2022\/10\/MUNG.png\" alt=\"\" class=\"wp-image-3083\" srcset=\"https:\/\/www.2lm.ch\/wordpress\/wp-content\/uploads\/2022\/10\/MUNG.png 922w, https:\/\/www.2lm.ch\/wordpress\/wp-content\/uploads\/2022\/10\/MUNG-300x207.png 300w, https:\/\/www.2lm.ch\/wordpress\/wp-content\/uploads\/2022\/10\/MUNG-768x530.png 768w, https:\/\/www.2lm.ch\/wordpress\/wp-content\/uploads\/2022\/10\/MUNG-600x414.png 600w, https:\/\/www.2lm.ch\/wordpress\/wp-content\/uploads\/2022\/10\/MUNG-624x430.png 624w\" sizes=\"auto, (max-width: 922px) 100vw, 922px\" \/><\/a><\/figure>\n\n\n\n<figure class=\"wp-block-image size-full\"><a href=\"http:\/\/www.2lm.ch\/wordpress\/wp-content\/uploads\/2022\/10\/Ortsgemeinde-Wartau-1.png\"><img loading=\"lazy\" decoding=\"async\" width=\"938\" height=\"655\" src=\"http:\/\/www.2lm.ch\/wordpress\/wp-content\/uploads\/2022\/10\/Ortsgemeinde-Wartau-1.png\" alt=\"\" class=\"wp-image-3085\" srcset=\"https:\/\/www.2lm.ch\/wordpress\/wp-content\/uploads\/2022\/10\/Ortsgemeinde-Wartau-1.png 938w, https:\/\/www.2lm.ch\/wordpress\/wp-content\/uploads\/2022\/10\/Ortsgemeinde-Wartau-1-300x209.png 300w, https:\/\/www.2lm.ch\/wordpress\/wp-content\/uploads\/2022\/10\/Ortsgemeinde-Wartau-1-768x536.png 768w, https:\/\/www.2lm.ch\/wordpress\/wp-content\/uploads\/2022\/10\/Ortsgemeinde-Wartau-1-600x419.png 600w, https:\/\/www.2lm.ch\/wordpress\/wp-content\/uploads\/2022\/10\/Ortsgemeinde-Wartau-1-624x436.png 624w\" sizes=\"auto, (max-width: 938px) 100vw, 938px\" \/><\/a><\/figure>\n\n\n\n<figure class=\"wp-block-image size-full\"><a href=\"http:\/\/www.2lm.ch\/wordpress\/wp-content\/uploads\/2022\/10\/Landgasthof.jpg\"><img loading=\"lazy\" decoding=\"async\" width=\"981\" height=\"591\" src=\"http:\/\/www.2lm.ch\/wordpress\/wp-content\/uploads\/2022\/10\/Landgasthof.jpg\" alt=\"\" class=\"wp-image-3086\" srcset=\"https:\/\/www.2lm.ch\/wordpress\/wp-content\/uploads\/2022\/10\/Landgasthof.jpg 981w, https:\/\/www.2lm.ch\/wordpress\/wp-content\/uploads\/2022\/10\/Landgasthof-300x181.jpg 300w, https:\/\/www.2lm.ch\/wordpress\/wp-content\/uploads\/2022\/10\/Landgasthof-768x463.jpg 768w, https:\/\/www.2lm.ch\/wordpress\/wp-content\/uploads\/2022\/10\/Landgasthof-600x361.jpg 600w, https:\/\/www.2lm.ch\/wordpress\/wp-content\/uploads\/2022\/10\/Landgasthof-624x376.jpg 624w\" sizes=\"auto, (max-width: 981px) 100vw, 981px\" \/><\/a><\/figure>\n\n\n\n<figure class=\"wp-block-image size-large\"><a href=\"http:\/\/www.2lm.ch\/wordpress\/wp-content\/uploads\/2022\/10\/LGT.png\"><img loading=\"lazy\" decoding=\"async\" width=\"1024\" height=\"706\" src=\"http:\/\/www.2lm.ch\/wordpress\/wp-content\/uploads\/2022\/10\/LGT-1024x706.png\" alt=\"\" class=\"wp-image-3088\" srcset=\"https:\/\/www.2lm.ch\/wordpress\/wp-content\/uploads\/2022\/10\/LGT-1024x706.png 1024w, https:\/\/www.2lm.ch\/wordpress\/wp-content\/uploads\/2022\/10\/LGT-300x207.png 300w, https:\/\/www.2lm.ch\/wordpress\/wp-content\/uploads\/2022\/10\/LGT-768x530.png 768w, https:\/\/www.2lm.ch\/wordpress\/wp-content\/uploads\/2022\/10\/LGT-600x414.png 600w, https:\/\/www.2lm.ch\/wordpress\/wp-content\/uploads\/2022\/10\/LGT-624x430.png 624w, https:\/\/www.2lm.ch\/wordpress\/wp-content\/uploads\/2022\/10\/LGT.png 1095w\" sizes=\"auto, (max-width: 1024px) 100vw, 1024px\" \/><\/a><\/figure>\n\n\n\n<figure class=\"wp-block-image size-large\"><a href=\"http:\/\/www.2lm.ch\/wordpress\/wp-content\/uploads\/2022\/10\/LKW.png\"><img loading=\"lazy\" decoding=\"async\" width=\"1024\" height=\"690\" src=\"http:\/\/www.2lm.ch\/wordpress\/wp-content\/uploads\/2022\/10\/LKW-1024x690.png\" alt=\"\" class=\"wp-image-3090\" srcset=\"https:\/\/www.2lm.ch\/wordpress\/wp-content\/uploads\/2022\/10\/LKW-1024x690.png 1024w, https:\/\/www.2lm.ch\/wordpress\/wp-content\/uploads\/2022\/10\/LKW-300x202.png 300w, https:\/\/www.2lm.ch\/wordpress\/wp-content\/uploads\/2022\/10\/LKW-768x517.png 768w, https:\/\/www.2lm.ch\/wordpress\/wp-content\/uploads\/2022\/10\/LKW-600x404.png 600w, https:\/\/www.2lm.ch\/wordpress\/wp-content\/uploads\/2022\/10\/LKW-624x420.png 624w, https:\/\/www.2lm.ch\/wordpress\/wp-content\/uploads\/2022\/10\/LKW.png 1136w\" sizes=\"auto, (max-width: 1024px) 100vw, 1024px\" \/><\/a><\/figure>\n\n\n\n<figure class=\"wp-block-image size-large\"><a href=\"http:\/\/www.2lm.ch\/wordpress\/wp-content\/uploads\/2022\/10\/Neutrik.png\"><img loading=\"lazy\" decoding=\"async\" width=\"1024\" height=\"694\" src=\"http:\/\/www.2lm.ch\/wordpress\/wp-content\/uploads\/2022\/10\/Neutrik-1024x694.png\" alt=\"\" class=\"wp-image-3091\" srcset=\"https:\/\/www.2lm.ch\/wordpress\/wp-content\/uploads\/2022\/10\/Neutrik-1024x694.png 1024w, https:\/\/www.2lm.ch\/wordpress\/wp-content\/uploads\/2022\/10\/Neutrik-300x203.png 300w, https:\/\/www.2lm.ch\/wordpress\/wp-content\/uploads\/2022\/10\/Neutrik-768x521.png 768w, https:\/\/www.2lm.ch\/wordpress\/wp-content\/uploads\/2022\/10\/Neutrik-600x407.png 600w, https:\/\/www.2lm.ch\/wordpress\/wp-content\/uploads\/2022\/10\/Neutrik-624x423.png 624w, https:\/\/www.2lm.ch\/wordpress\/wp-content\/uploads\/2022\/10\/Neutrik.png 1142w\" sizes=\"auto, (max-width: 1024px) 100vw, 1024px\" \/><\/a><\/figure>\n\n\n\n<figure class=\"wp-block-image size-large\"><a href=\"http:\/\/www.2lm.ch\/wordpress\/wp-content\/uploads\/2022\/10\/Sprenger.png\"><img loading=\"lazy\" decoding=\"async\" width=\"1024\" height=\"725\" src=\"http:\/\/www.2lm.ch\/wordpress\/wp-content\/uploads\/2022\/10\/Sprenger-1024x725.png\" alt=\"\" class=\"wp-image-3093\" srcset=\"https:\/\/www.2lm.ch\/wordpress\/wp-content\/uploads\/2022\/10\/Sprenger-1024x725.png 1024w, https:\/\/www.2lm.ch\/wordpress\/wp-content\/uploads\/2022\/10\/Sprenger-300x212.png 300w, https:\/\/www.2lm.ch\/wordpress\/wp-content\/uploads\/2022\/10\/Sprenger-768x544.png 768w, https:\/\/www.2lm.ch\/wordpress\/wp-content\/uploads\/2022\/10\/Sprenger-600x425.png 600w, https:\/\/www.2lm.ch\/wordpress\/wp-content\/uploads\/2022\/10\/Sprenger-624x442.png 624w, https:\/\/www.2lm.ch\/wordpress\/wp-content\/uploads\/2022\/10\/Sprenger.png 1140w\" sizes=\"auto, (max-width: 1024px) 100vw, 1024px\" \/><\/a><\/figure>\n\n\n\n<figure class=\"wp-block-image size-large\"><a href=\"http:\/\/www.2lm.ch\/wordpress\/wp-content\/uploads\/2022\/10\/Pizolpark.png\"><img loading=\"lazy\" decoding=\"async\" width=\"1024\" height=\"726\" src=\"http:\/\/www.2lm.ch\/wordpress\/wp-content\/uploads\/2022\/10\/Pizolpark-1024x726.png\" alt=\"\" class=\"wp-image-3095\" srcset=\"https:\/\/www.2lm.ch\/wordpress\/wp-content\/uploads\/2022\/10\/Pizolpark-1024x726.png 1024w, https:\/\/www.2lm.ch\/wordpress\/wp-content\/uploads\/2022\/10\/Pizolpark-300x213.png 300w, https:\/\/www.2lm.ch\/wordpress\/wp-content\/uploads\/2022\/10\/Pizolpark-768x544.png 768w, https:\/\/www.2lm.ch\/wordpress\/wp-content\/uploads\/2022\/10\/Pizolpark-600x425.png 600w, https:\/\/www.2lm.ch\/wordpress\/wp-content\/uploads\/2022\/10\/Pizolpark-624x442.png 624w, https:\/\/www.2lm.ch\/wordpress\/wp-content\/uploads\/2022\/10\/Pizolpark.png 1140w\" sizes=\"auto, (max-width: 1024px) 100vw, 1024px\" \/><\/a><\/figure>\n\n\n\n<figure class=\"wp-block-image size-large\"><a href=\"http:\/\/www.2lm.ch\/wordpress\/wp-content\/uploads\/2022\/10\/Swiss-Life.png\"><img loading=\"lazy\" decoding=\"async\" width=\"1024\" height=\"724\" src=\"http:\/\/www.2lm.ch\/wordpress\/wp-content\/uploads\/2022\/10\/Swiss-Life-1024x724.png\" alt=\"\" class=\"wp-image-3098\" srcset=\"https:\/\/www.2lm.ch\/wordpress\/wp-content\/uploads\/2022\/10\/Swiss-Life-1024x724.png 1024w, https:\/\/www.2lm.ch\/wordpress\/wp-content\/uploads\/2022\/10\/Swiss-Life-300x212.png 300w, https:\/\/www.2lm.ch\/wordpress\/wp-content\/uploads\/2022\/10\/Swiss-Life-768x543.png 768w, https:\/\/www.2lm.ch\/wordpress\/wp-content\/uploads\/2022\/10\/Swiss-Life-600x424.png 600w, https:\/\/www.2lm.ch\/wordpress\/wp-content\/uploads\/2022\/10\/Swiss-Life-624x441.png 624w, https:\/\/www.2lm.ch\/wordpress\/wp-content\/uploads\/2022\/10\/Swiss-Life.png 1140w\" sizes=\"auto, (max-width: 1024px) 100vw, 1024px\" \/><\/a><\/figure>\n\n\n\n<figure class=\"wp-block-image size-large\"><a href=\"http:\/\/www.2lm.ch\/wordpress\/wp-content\/uploads\/2022\/10\/VP-Bank.png\"><img loading=\"lazy\" decoding=\"async\" width=\"1024\" height=\"719\" src=\"http:\/\/www.2lm.ch\/wordpress\/wp-content\/uploads\/2022\/10\/VP-Bank-1024x719.png\" alt=\"\" class=\"wp-image-3101\" srcset=\"https:\/\/www.2lm.ch\/wordpress\/wp-content\/uploads\/2022\/10\/VP-Bank-1024x719.png 1024w, https:\/\/www.2lm.ch\/wordpress\/wp-content\/uploads\/2022\/10\/VP-Bank-300x211.png 300w, https:\/\/www.2lm.ch\/wordpress\/wp-content\/uploads\/2022\/10\/VP-Bank-768x539.png 768w, https:\/\/www.2lm.ch\/wordpress\/wp-content\/uploads\/2022\/10\/VP-Bank-600x421.png 600w, https:\/\/www.2lm.ch\/wordpress\/wp-content\/uploads\/2022\/10\/VP-Bank-624x438.png 624w, https:\/\/www.2lm.ch\/wordpress\/wp-content\/uploads\/2022\/10\/VP-Bank.png 1137w\" sizes=\"auto, (max-width: 1024px) 100vw, 1024px\" \/><\/a><\/figure>\n\n\n\n<figure class=\"wp-block-image size-large\"><a href=\"http:\/\/www.2lm.ch\/wordpress\/wp-content\/uploads\/2022\/10\/Suecka.png\"><img loading=\"lazy\" decoding=\"async\" width=\"1024\" height=\"718\" src=\"http:\/\/www.2lm.ch\/wordpress\/wp-content\/uploads\/2022\/10\/Suecka-1024x718.png\" alt=\"\" class=\"wp-image-3102\" srcset=\"https:\/\/www.2lm.ch\/wordpress\/wp-content\/uploads\/2022\/10\/Suecka-1024x718.png 1024w, https:\/\/www.2lm.ch\/wordpress\/wp-content\/uploads\/2022\/10\/Suecka-300x210.png 300w, https:\/\/www.2lm.ch\/wordpress\/wp-content\/uploads\/2022\/10\/Suecka-768x539.png 768w, https:\/\/www.2lm.ch\/wordpress\/wp-content\/uploads\/2022\/10\/Suecka-600x421.png 600w, https:\/\/www.2lm.ch\/wordpress\/wp-content\/uploads\/2022\/10\/Suecka-624x438.png 624w, https:\/\/www.2lm.ch\/wordpress\/wp-content\/uploads\/2022\/10\/Suecka.png 1116w\" sizes=\"auto, (max-width: 1024px) 100vw, 1024px\" \/><\/a><\/figure>\n\n\n\n<figure class=\"wp-block-image size-full\"><a href=\"http:\/\/www.2lm.ch\/wordpress\/wp-content\/uploads\/2022\/10\/2-Laender-Musikanten.png\"><img loading=\"lazy\" decoding=\"async\" width=\"933\" height=\"675\" src=\"http:\/\/www.2lm.ch\/wordpress\/wp-content\/uploads\/2022\/10\/2-Laender-Musikanten.png\" alt=\"\" class=\"wp-image-3107\" srcset=\"https:\/\/www.2lm.ch\/wordpress\/wp-content\/uploads\/2022\/10\/2-Laender-Musikanten.png 933w, https:\/\/www.2lm.ch\/wordpress\/wp-content\/uploads\/2022\/10\/2-Laender-Musikanten-300x217.png 300w, https:\/\/www.2lm.ch\/wordpress\/wp-content\/uploads\/2022\/10\/2-Laender-Musikanten-768x556.png 768w, https:\/\/www.2lm.ch\/wordpress\/wp-content\/uploads\/2022\/10\/2-Laender-Musikanten-600x434.png 600w, https:\/\/www.2lm.ch\/wordpress\/wp-content\/uploads\/2022\/10\/2-Laender-Musikanten-624x451.png 624w\" sizes=\"auto, (max-width: 933px) 100vw, 933px\" \/><\/a><\/figure>\n\n\n\n<figure class=\"wp-block-image size-large\"><a href=\"http:\/\/www.2lm.ch\/wordpress\/wp-content\/uploads\/2022\/10\/Attender.png\"><img loading=\"lazy\" decoding=\"async\" width=\"1024\" height=\"722\" src=\"http:\/\/www.2lm.ch\/wordpress\/wp-content\/uploads\/2022\/10\/Attender-1024x722.png\" alt=\"\" class=\"wp-image-3109\" srcset=\"https:\/\/www.2lm.ch\/wordpress\/wp-content\/uploads\/2022\/10\/Attender-1024x722.png 1024w, https:\/\/www.2lm.ch\/wordpress\/wp-content\/uploads\/2022\/10\/Attender-300x212.png 300w, https:\/\/www.2lm.ch\/wordpress\/wp-content\/uploads\/2022\/10\/Attender-768x542.png 768w, https:\/\/www.2lm.ch\/wordpress\/wp-content\/uploads\/2022\/10\/Attender-600x423.png 600w, https:\/\/www.2lm.ch\/wordpress\/wp-content\/uploads\/2022\/10\/Attender-624x440.png 624w, https:\/\/www.2lm.ch\/wordpress\/wp-content\/uploads\/2022\/10\/Attender.png 1276w\" sizes=\"auto, (max-width: 1024px) 100vw, 1024px\" \/><\/a><\/figure>\n\n\n\n<figure class=\"wp-block-image size-large\"><a href=\"http:\/\/www.2lm.ch\/wordpress\/wp-content\/uploads\/2022\/10\/Travel-Tipp.png\"><img loading=\"lazy\" decoding=\"async\" width=\"1024\" height=\"725\" src=\"http:\/\/www.2lm.ch\/wordpress\/wp-content\/uploads\/2022\/10\/Travel-Tipp-1024x725.png\" alt=\"\" class=\"wp-image-3110\" srcset=\"https:\/\/www.2lm.ch\/wordpress\/wp-content\/uploads\/2022\/10\/Travel-Tipp-1024x725.png 1024w, https:\/\/www.2lm.ch\/wordpress\/wp-content\/uploads\/2022\/10\/Travel-Tipp-300x212.png 300w, https:\/\/www.2lm.ch\/wordpress\/wp-content\/uploads\/2022\/10\/Travel-Tipp-768x543.png 768w, https:\/\/www.2lm.ch\/wordpress\/wp-content\/uploads\/2022\/10\/Travel-Tipp-600x425.png 600w, https:\/\/www.2lm.ch\/wordpress\/wp-content\/uploads\/2022\/10\/Travel-Tipp-624x442.png 624w, https:\/\/www.2lm.ch\/wordpress\/wp-content\/uploads\/2022\/10\/Travel-Tipp.png 1279w\" sizes=\"auto, (max-width: 1024px) 100vw, 1024px\" \/><\/a><\/figure>\n\n\n\n<figure class=\"wp-block-image size-large\"><a href=\"http:\/\/www.2lm.ch\/wordpress\/wp-content\/uploads\/2022\/10\/Heizplan.png\"><img loading=\"lazy\" decoding=\"async\" width=\"1024\" height=\"726\" src=\"http:\/\/www.2lm.ch\/wordpress\/wp-content\/uploads\/2022\/10\/Heizplan-1024x726.png\" alt=\"\" class=\"wp-image-3112\" srcset=\"https:\/\/www.2lm.ch\/wordpress\/wp-content\/uploads\/2022\/10\/Heizplan-1024x726.png 1024w, https:\/\/www.2lm.ch\/wordpress\/wp-content\/uploads\/2022\/10\/Heizplan-300x213.png 300w, https:\/\/www.2lm.ch\/wordpress\/wp-content\/uploads\/2022\/10\/Heizplan-768x544.png 768w, https:\/\/www.2lm.ch\/wordpress\/wp-content\/uploads\/2022\/10\/Heizplan-600x425.png 600w, https:\/\/www.2lm.ch\/wordpress\/wp-content\/uploads\/2022\/10\/Heizplan-624x442.png 624w, https:\/\/www.2lm.ch\/wordpress\/wp-content\/uploads\/2022\/10\/Heizplan.png 1257w\" sizes=\"auto, (max-width: 1024px) 100vw, 1024px\" \/><\/a><\/figure>\n\n\n\n<figure class=\"wp-block-image size-large\"><a href=\"http:\/\/www.2lm.ch\/wordpress\/wp-content\/uploads\/2022\/10\/Marty.png\"><img loading=\"lazy\" decoding=\"async\" width=\"1024\" height=\"731\" src=\"http:\/\/www.2lm.ch\/wordpress\/wp-content\/uploads\/2022\/10\/Marty-1024x731.png\" alt=\"\" class=\"wp-image-3114\" srcset=\"https:\/\/www.2lm.ch\/wordpress\/wp-content\/uploads\/2022\/10\/Marty-1024x731.png 1024w, https:\/\/www.2lm.ch\/wordpress\/wp-content\/uploads\/2022\/10\/Marty-300x214.png 300w, https:\/\/www.2lm.ch\/wordpress\/wp-content\/uploads\/2022\/10\/Marty-768x548.png 768w, https:\/\/www.2lm.ch\/wordpress\/wp-content\/uploads\/2022\/10\/Marty-600x428.png 600w, https:\/\/www.2lm.ch\/wordpress\/wp-content\/uploads\/2022\/10\/Marty-624x445.png 624w, https:\/\/www.2lm.ch\/wordpress\/wp-content\/uploads\/2022\/10\/Marty.png 1258w\" sizes=\"auto, (max-width: 1024px) 100vw, 1024px\" \/><\/a><\/figure>\n\n\n\n<figure class=\"wp-block-image size-large\"><a href=\"http:\/\/www.2lm.ch\/wordpress\/wp-content\/uploads\/2022\/10\/Satz-und-Druck-Balzers.png\"><img loading=\"lazy\" decoding=\"async\" width=\"1024\" height=\"712\" src=\"http:\/\/www.2lm.ch\/wordpress\/wp-content\/uploads\/2022\/10\/Satz-und-Druck-Balzers-1024x712.png\" alt=\"\" class=\"wp-image-3120\" srcset=\"https:\/\/www.2lm.ch\/wordpress\/wp-content\/uploads\/2022\/10\/Satz-und-Druck-Balzers-1024x712.png 1024w, https:\/\/www.2lm.ch\/wordpress\/wp-content\/uploads\/2022\/10\/Satz-und-Druck-Balzers-300x209.png 300w, https:\/\/www.2lm.ch\/wordpress\/wp-content\/uploads\/2022\/10\/Satz-und-Druck-Balzers-768x534.png 768w, https:\/\/www.2lm.ch\/wordpress\/wp-content\/uploads\/2022\/10\/Satz-und-Druck-Balzers-600x417.png 600w, https:\/\/www.2lm.ch\/wordpress\/wp-content\/uploads\/2022\/10\/Satz-und-Druck-Balzers-624x434.png 624w, https:\/\/www.2lm.ch\/wordpress\/wp-content\/uploads\/2022\/10\/Satz-und-Druck-Balzers.png 1136w\" sizes=\"auto, (max-width: 1024px) 100vw, 1024px\" \/><\/a><\/figure>\n\n\n\n<figure class=\"wp-block-image size-large\"><a href=\"http:\/\/www.2lm.ch\/wordpress\/wp-content\/uploads\/2022\/10\/Weinbau-Hoop.png\"><img loading=\"lazy\" decoding=\"async\" width=\"1024\" height=\"715\" src=\"http:\/\/www.2lm.ch\/wordpress\/wp-content\/uploads\/2022\/10\/Weinbau-Hoop-1024x715.png\" alt=\"\" class=\"wp-image-3122\" srcset=\"https:\/\/www.2lm.ch\/wordpress\/wp-content\/uploads\/2022\/10\/Weinbau-Hoop-1024x715.png 1024w, https:\/\/www.2lm.ch\/wordpress\/wp-content\/uploads\/2022\/10\/Weinbau-Hoop-300x209.png 300w, https:\/\/www.2lm.ch\/wordpress\/wp-content\/uploads\/2022\/10\/Weinbau-Hoop-768x536.png 768w, https:\/\/www.2lm.ch\/wordpress\/wp-content\/uploads\/2022\/10\/Weinbau-Hoop-600x419.png 600w, https:\/\/www.2lm.ch\/wordpress\/wp-content\/uploads\/2022\/10\/Weinbau-Hoop-624x436.png 624w, https:\/\/www.2lm.ch\/wordpress\/wp-content\/uploads\/2022\/10\/Weinbau-Hoop.png 1136w\" sizes=\"auto, (max-width: 1024px) 100vw, 1024px\" \/><\/a><\/figure>\n\n\n\n<figure class=\"wp-block-image size-large is-resized\"><a href=\"http:\/\/www.2lm.ch\/wordpress\/wp-content\/uploads\/2022\/10\/Binding.png\"><img loading=\"lazy\" decoding=\"async\" width=\"1024\" height=\"725\" src=\"http:\/\/www.2lm.ch\/wordpress\/wp-content\/uploads\/2022\/10\/Binding-1024x725.png\" alt=\"\" class=\"wp-image-3124\" style=\"width:655px;height:463px\" srcset=\"https:\/\/www.2lm.ch\/wordpress\/wp-content\/uploads\/2022\/10\/Binding-1024x725.png 1024w, https:\/\/www.2lm.ch\/wordpress\/wp-content\/uploads\/2022\/10\/Binding-300x212.png 300w, https:\/\/www.2lm.ch\/wordpress\/wp-content\/uploads\/2022\/10\/Binding-768x544.png 768w, https:\/\/www.2lm.ch\/wordpress\/wp-content\/uploads\/2022\/10\/Binding-600x425.png 600w, https:\/\/www.2lm.ch\/wordpress\/wp-content\/uploads\/2022\/10\/Binding-624x442.png 624w, https:\/\/www.2lm.ch\/wordpress\/wp-content\/uploads\/2022\/10\/Binding.png 1133w\" sizes=\"auto, (max-width: 1024px) 100vw, 1024px\" \/><\/a><\/figure>\n\n\n\n<figure class=\"wp-block-image size-large\"><a href=\"http:\/\/www.2lm.ch\/wordpress\/wp-content\/uploads\/2022\/10\/Migros.png\"><img loading=\"lazy\" decoding=\"async\" width=\"1024\" height=\"684\" src=\"http:\/\/www.2lm.ch\/wordpress\/wp-content\/uploads\/2022\/10\/Migros-1024x684.png\" alt=\"\" class=\"wp-image-3126\" srcset=\"https:\/\/www.2lm.ch\/wordpress\/wp-content\/uploads\/2022\/10\/Migros-1024x684.png 1024w, https:\/\/www.2lm.ch\/wordpress\/wp-content\/uploads\/2022\/10\/Migros-300x200.png 300w, https:\/\/www.2lm.ch\/wordpress\/wp-content\/uploads\/2022\/10\/Migros-768x513.png 768w, https:\/\/www.2lm.ch\/wordpress\/wp-content\/uploads\/2022\/10\/Migros-600x401.png 600w, https:\/\/www.2lm.ch\/wordpress\/wp-content\/uploads\/2022\/10\/Migros-624x417.png 624w, https:\/\/www.2lm.ch\/wordpress\/wp-content\/uploads\/2022\/10\/Migros.png 1143w\" sizes=\"auto, (max-width: 1024px) 100vw, 1024px\" \/><\/a><\/figure>\n\n\n\n<p>Auf solchen sch\u00f6n gestalteten Tafeln werden unsere Sponsoren anl\u00e4sslich unseres Jahreskonzerts gut sichtbar pr\u00e4sentiert:<\/p>\n\n\n\n<figure class=\"wp-block-image size-full\"><a href=\"http:\/\/www.2lm.ch\/wordpress\/wp-content\/uploads\/2022\/10\/Sponsorentafel-2019.jpg\"><img loading=\"lazy\" decoding=\"async\" width=\"640\" height=\"480\" src=\"http:\/\/www.2lm.ch\/wordpress\/wp-content\/uploads\/2022\/10\/Sponsorentafel-2019.jpg\" alt=\"\" class=\"wp-image-3116\" srcset=\"https:\/\/www.2lm.ch\/wordpress\/wp-content\/uploads\/2022\/10\/Sponsorentafel-2019.jpg 640w, https:\/\/www.2lm.ch\/wordpress\/wp-content\/uploads\/2022\/10\/Sponsorentafel-2019-300x225.jpg 300w, https:\/\/www.2lm.ch\/wordpress\/wp-content\/uploads\/2022\/10\/Sponsorentafel-2019-600x450.jpg 600w, https:\/\/www.2lm.ch\/wordpress\/wp-content\/uploads\/2022\/10\/Sponsorentafel-2019-624x468.jpg 624w\" sizes=\"auto, (max-width: 640px) 100vw, 640px\" \/><\/a><\/figure>\n\n\n<p>Sind Sie interessiert? Dann schreiben Sie uns doch ein kurzes email (&#105;&#x6e;&#102;&#x6f;&#64;&#x32;&#108;&#x6d;&#46;&#x63;h) oder nehmen Sie doch bitte mit unserer Pr\u00e4sidentin, Cornelia L\u00fcchinger, p&#114;&#x61;&#x65;&#x73;i&#100;&#101;&#x6e;&#x74;&#64;&#50;&#108;&#x6d;&#x2e;ch oder +41 71 755 42 16 Kontakt auf.<\/p>\n<h3>Bankverbindungen<\/h3>\n<table width=\"100%\" cellspacing=\"0\">\n<tbody>\n<tr>\n<td>LGT Bank AG Vaduz<\/td>\n<td>IBAN: LI47 0881 0000 1107 1901 4<\/td>\n<\/tr>\n<tr>\n<td>St.Galler Kantonalbank AG St.Gallen<\/td>\n<td>IBAN: CH32 0078 1135 5331 1460 4<\/td>\n<\/tr>\n<\/tbody>\n<\/table>","protected":false},"excerpt":{"rendered":"<p>Gesch\u00e4tzte Sponsoren Wir sind eine regionale Unterhaltungsmusikformation, die nicht von Gemeindebeitr\u00e4gen profitiert und die Einnahmen aus Konzertgagen und Zuwendungen erarbeiten muss. Wir freuen uns deshalb \u00fcber Ihre gesch\u00e4tzte Unterst\u00fctzung und m\u00f6chten Ihnen Gelegenheit geben, sich als Sponsoren zu pr\u00e4sentieren. Unser n\u00e4chster grosser und wichtigster Anlass ist unser Jahreskonzert am Sonntag, 10. Nov. 2024, im Oberstufenzentrum [&hellip;]<\/p>\n","protected":false},"author":1,"featured_media":0,"parent":0,"menu_order":0,"comment_status":"closed","ping_status":"closed","template":"","meta":{"ngg_post_thumbnail":0,"footnotes":""},"class_list":["post-1698","page","type-page","status-publish","hentry"],"_links":{"self":[{"href":"https:\/\/www.2lm.ch\/wordpress\/wp-json\/wp\/v2\/pages\/1698","targetHints":{"allow":["GET"]}}],"collection":[{"href":"https:\/\/www.2lm.ch\/wordpress\/wp-json\/wp\/v2\/pages"}],"about":[{"href":"https:\/\/www.2lm.ch\/wordpress\/wp-json\/wp\/v2\/types\/page"}],"author":[{"embeddable":true,"href":"https:\/\/www.2lm.ch\/wordpress\/wp-json\/wp\/v2\/users\/1"}],"replies":[{"embeddable":true,"href":"https:\/\/www.2lm.ch\/wordpress\/wp-json\/wp\/v2\/comments?post=1698"}],"version-history":[{"count":38,"href":"https:\/\/www.2lm.ch\/wordpress\/wp-json\/wp\/v2\/pages\/1698\/revisions"}],"predecessor-version":[{"id":3498,"href":"https:\/\/www.2lm.ch\/wordpress\/wp-json\/wp\/v2\/pages\/1698\/revisions\/3498"}],"wp:attachment":[{"href":"https:\/\/www.2lm.ch\/wordpress\/wp-json\/wp\/v2\/media?parent=1698"}],"curies":[{"name":"wp","href":"https:\/\/api.w.org\/{rel}","templated":true}]}}