{"id":21,"date":"2014-02-11T09:30:23","date_gmt":"2014-02-11T09:30:23","guid":{"rendered":"http:\/\/localhost\/wordpress\/?page_id=21"},"modified":"2015-08-16T16:31:06","modified_gmt":"2015-08-16T14:31:06","slug":"musik","status":"publish","type":"page","link":"https:\/\/www.2lm.ch\/wordpress\/musik","title":{"rendered":"Unsere Musik"},"content":{"rendered":"<p>Das Repertoire der 2-L\u00e4nder Musikanten umfasst Schlager, Oldies, B\u00f6hmisch-M\u00e4hrisch, Swing und Jazz.<\/p>\n<h1>Music is my life<\/h1>\n<p>&#8220;Music is my life&#8221; stellt den Werdegang des musikalischen Leiters und Komponisten Beda Hidber, sowie die Entwicklung der 2-LM Band dar. Diese zehn Eigenkompositionen entstanden speziell zum 20-j\u00e4hrigen Jubil\u00e4um der 2-LM Band, komponiert f\u00fcr die 23 Amateurmusikerinnen und -musiker.<\/p>\n<p><a href=\"http:\/\/www.2lm.ch\/wordpress\/wp-content\/uploads\/2014\/02\/beda.png\"><img loading=\"lazy\" decoding=\"async\" class=\"alignnone size-thumbnail wp-image-1055\" src=\"http:\/\/www.2lm.ch\/wordpress\/wp-content\/uploads\/2014\/02\/beda-150x150.png\" alt=\"beda\" width=\"120\" height=\"120\" \/><\/a> <a href=\"http:\/\/www.2lm.ch\/wordpress\/wp-content\/uploads\/2014\/02\/horni.png\"><img loading=\"lazy\" decoding=\"async\" class=\"alignnone size-thumbnail wp-image-1057\" src=\"http:\/\/www.2lm.ch\/wordpress\/wp-content\/uploads\/2014\/02\/horni-150x150.png\" alt=\"horni\" width=\"120\" height=\"120\" \/><\/a>\u00a0<a href=\"http:\/\/www.2lm.ch\/wordpress\/wp-content\/uploads\/2014\/02\/trompeten.png\"><img loading=\"lazy\" decoding=\"async\" class=\"alignnone size-thumbnail wp-image-1058\" src=\"http:\/\/www.2lm.ch\/wordpress\/wp-content\/uploads\/2014\/02\/trompeten-150x150.png\" alt=\"trompeten\" width=\"120\" height=\"120\" \/><\/a>\u00a0<a href=\"http:\/\/www.2lm.ch\/wordpress\/wp-content\/uploads\/2014\/02\/evi.png\"><img loading=\"lazy\" decoding=\"async\" class=\"alignnone size-thumbnail wp-image-1056\" src=\"http:\/\/www.2lm.ch\/wordpress\/wp-content\/uploads\/2014\/02\/evi-150x150.png\" alt=\"evi\" width=\"120\" height=\"120\" \/><\/a> <a href=\"http:\/\/www.2lm.ch\/wordpress\/wp-content\/uploads\/2014\/02\/alle.png\"><img loading=\"lazy\" decoding=\"async\" class=\"alignnone size-thumbnail wp-image-1054\" src=\"http:\/\/www.2lm.ch\/wordpress\/wp-content\/uploads\/2014\/02\/alle-150x150.png\" alt=\"alle\" width=\"120\" height=\"120\" \/><\/a><em>Bilder der Studioaufnahme<\/em><\/p>\n<p><a href=\"http:\/\/www.2lm.ch\/wordpress\/wp-content\/uploads\/2014\/02\/0011_001.png\"><img loading=\"lazy\" decoding=\"async\" class=\"alignnone size-large wp-image-233\" src=\"http:\/\/www.2lm.ch\/wordpress\/wp-content\/uploads\/2014\/02\/0011_001-1024x537.png\" alt=\"0011_001\" width=\"625\" height=\"327\" srcset=\"https:\/\/www.2lm.ch\/wordpress\/wp-content\/uploads\/2014\/02\/0011_001-1024x537.png 1024w, https:\/\/www.2lm.ch\/wordpress\/wp-content\/uploads\/2014\/02\/0011_001-300x157.png 300w, https:\/\/www.2lm.ch\/wordpress\/wp-content\/uploads\/2014\/02\/0011_001-624x327.png 624w\" sizes=\"auto, (max-width: 625px) 100vw, 625px\" \/><\/a><\/p>\n<p><a href=\"http:\/\/www.2lm.ch\/wordpress\/wp-content\/uploads\/2014\/02\/0013_001.png\"><img loading=\"lazy\" decoding=\"async\" class=\"alignnone size-large wp-image-235\" src=\"http:\/\/www.2lm.ch\/wordpress\/wp-content\/uploads\/2014\/02\/0013_001-1024x705.png\" alt=\"0013_001\" width=\"625\" height=\"430\" srcset=\"https:\/\/www.2lm.ch\/wordpress\/wp-content\/uploads\/2014\/02\/0013_001-1024x705.png 1024w, https:\/\/www.2lm.ch\/wordpress\/wp-content\/uploads\/2014\/02\/0013_001-300x206.png 300w, https:\/\/www.2lm.ch\/wordpress\/wp-content\/uploads\/2014\/02\/0013_001-624x429.png 624w\" sizes=\"auto, (max-width: 625px) 100vw, 625px\" \/><\/a><\/p>\n<p>Die CD kann direkt bei uns oder im Handel mit der EAN Nummer 7640145821110\u00a0\u00a0 bezogen werden.<\/p>\n<p><strong>Reich werden<\/strong>, Ausschnitt 0&#8217;00 &#8211; 0&#8217;30<\/p>\n<p><audio class=\"wp-audio-shortcode\" id=\"audio-21-1\" preload=\"none\" style=\"width: 100%;\" controls=\"controls\"><source type=\"audio\/mpeg\" src=\"http:\/\/www.2lm.ch\/wordpress\/wp-content\/uploads\/2014\/02\/01_Titel-Track-01.mp3?_=1\" \/><a href=\"http:\/\/www.2lm.ch\/wordpress\/wp-content\/uploads\/2014\/02\/01_Titel-Track-01.mp3\">http:\/\/www.2lm.ch\/wordpress\/wp-content\/uploads\/2014\/02\/01_Titel-Track-01.mp3<\/a><\/audio><br \/>\n<strong>A Happy Day<\/strong>, Ausschnitt 0&#8217;30 &#8211; 1&#8217;20<\/p>\n<p><audio class=\"wp-audio-shortcode\" id=\"audio-21-2\" preload=\"none\" style=\"width: 100%;\" controls=\"controls\"><source type=\"audio\/mpeg\" src=\"http:\/\/www.2lm.ch\/wordpress\/wp-content\/uploads\/2014\/04\/happy_day.mp3?_=2\" \/><a href=\"http:\/\/www.2lm.ch\/wordpress\/wp-content\/uploads\/2014\/04\/happy_day.mp3\">http:\/\/www.2lm.ch\/wordpress\/wp-content\/uploads\/2014\/04\/happy_day.mp3<\/a><\/audio><br \/>\n<strong>Music is my life<\/strong>, Ausschnitt 0&#8217;00 &#8211; 0&#8217;30<\/p>\n<p><audio class=\"wp-audio-shortcode\" id=\"audio-21-3\" preload=\"none\" style=\"width: 100%;\" controls=\"controls\"><source type=\"audio\/mpeg\" src=\"http:\/\/www.2lm.ch\/wordpress\/wp-content\/uploads\/2014\/04\/music_is_my_life.mp3?_=3\" \/><a href=\"http:\/\/www.2lm.ch\/wordpress\/wp-content\/uploads\/2014\/04\/music_is_my_life.mp3\">http:\/\/www.2lm.ch\/wordpress\/wp-content\/uploads\/2014\/04\/music_is_my_life.mp3<\/a><\/audio><br \/>\n<strong>Job Song<\/strong>, Ausschnitt 0&#8217;00 &#8211; 0&#8217;50<\/p>\n<p><audio class=\"wp-audio-shortcode\" id=\"audio-21-4\" preload=\"none\" style=\"width: 100%;\" controls=\"controls\"><source type=\"audio\/mpeg\" src=\"http:\/\/www.2lm.ch\/wordpress\/wp-content\/uploads\/2014\/04\/Job_Song.mp3?_=4\" \/><a href=\"http:\/\/www.2lm.ch\/wordpress\/wp-content\/uploads\/2014\/04\/Job_Song.mp3\">http:\/\/www.2lm.ch\/wordpress\/wp-content\/uploads\/2014\/04\/Job_Song.mp3<\/a><\/audio><br \/>\n<strong>Morgenrotstimmung<\/strong>, Ausschnitt 0&#8217;00 &#8211; 0&#8217;30<\/p>\n<audio class=\"wp-audio-shortcode\" id=\"audio-21-5\" preload=\"none\" style=\"width: 100%;\" controls=\"controls\"><source type=\"audio\/mpeg\" src=\"http:\/\/www.2lm.ch\/wordpress\/wp-content\/uploads\/2014\/04\/Morgenrotstimmung.mp3?_=5\" \/><a href=\"http:\/\/www.2lm.ch\/wordpress\/wp-content\/uploads\/2014\/04\/Morgenrotstimmung.mp3\">http:\/\/www.2lm.ch\/wordpress\/wp-content\/uploads\/2014\/04\/Morgenrotstimmung.mp3<\/a><\/audio>\n<h1>Mixed Music<\/h1>\n<p>Auf unserer Promotion CD &#8220;mixed music&#8221; stellen wir einen Querschnitt aus unserem vielseitigen Programm vor.<\/p>\n<p><strong>C-Jam Blues<\/strong>, gesungen von Hans K\u00f6ppel<\/p>\n<p><audio class=\"wp-audio-shortcode\" id=\"audio-21-6\" preload=\"none\" style=\"width: 100%;\" controls=\"controls\"><source type=\"audio\/mpeg\" src=\"http:\/\/www.2lm.ch\/wordpress\/wp-content\/uploads\/2014\/02\/c_jam_blues.mp3?_=6\" \/><a href=\"http:\/\/www.2lm.ch\/wordpress\/wp-content\/uploads\/2014\/02\/c_jam_blues.mp3\">http:\/\/www.2lm.ch\/wordpress\/wp-content\/uploads\/2014\/02\/c_jam_blues.mp3<\/a><\/audio><br \/>\n<strong>Egerl\u00e4nder Musikantenherz<\/strong>, gesungen von Theresia M\u00e4der-Pfarrer und Wolfgang Zanghellini<\/p>\n<p><audio class=\"wp-audio-shortcode\" id=\"audio-21-7\" preload=\"none\" style=\"width: 100%;\" controls=\"controls\"><source type=\"audio\/mpeg\" src=\"http:\/\/www.2lm.ch\/wordpress\/wp-content\/uploads\/2014\/02\/egerlaender_musikantenherz.mp3?_=7\" \/><a href=\"http:\/\/www.2lm.ch\/wordpress\/wp-content\/uploads\/2014\/02\/egerlaender_musikantenherz.mp3\">http:\/\/www.2lm.ch\/wordpress\/wp-content\/uploads\/2014\/02\/egerlaender_musikantenherz.mp3<\/a><\/audio><br \/>\n<strong>Nimm dir wieder einmal Zeit<\/strong>, gesungen von Theresia M\u00e4der-Pfarrer<\/p>\n<p><audio class=\"wp-audio-shortcode\" id=\"audio-21-8\" preload=\"none\" style=\"width: 100%;\" controls=\"controls\"><source type=\"audio\/mpeg\" src=\"http:\/\/www.2lm.ch\/wordpress\/wp-content\/uploads\/2014\/02\/nimm_dir_wieder.mp3?_=8\" \/><a href=\"http:\/\/www.2lm.ch\/wordpress\/wp-content\/uploads\/2014\/02\/nimm_dir_wieder.mp3\">http:\/\/www.2lm.ch\/wordpress\/wp-content\/uploads\/2014\/02\/nimm_dir_wieder.mp3<\/a><\/audio><br \/>\n<strong>As long as I&#8217;m singing<\/strong>, gesungen von Theresia M\u00e4der-Pfarrer<\/p>\n<audio class=\"wp-audio-shortcode\" id=\"audio-21-9\" preload=\"none\" style=\"width: 100%;\" controls=\"controls\"><source type=\"audio\/mpeg\" src=\"http:\/\/www.2lm.ch\/wordpress\/wp-content\/uploads\/2014\/02\/as_long_as.mp3?_=9\" \/><a href=\"http:\/\/www.2lm.ch\/wordpress\/wp-content\/uploads\/2014\/02\/as_long_as.mp3\">http:\/\/www.2lm.ch\/wordpress\/wp-content\/uploads\/2014\/02\/as_long_as.mp3<\/a><\/audio>\n","protected":false},"excerpt":{"rendered":"<p>Das Repertoire der 2-L\u00e4nder Musikanten umfasst Schlager, Oldies, B\u00f6hmisch-M\u00e4hrisch, Swing und Jazz. Music is my life &#8220;Music is my life&#8221; stellt den Werdegang des musikalischen Leiters und Komponisten Beda Hidber, sowie die Entwicklung der 2-LM Band dar. Diese zehn Eigenkompositionen entstanden speziell zum 20-j\u00e4hrigen Jubil\u00e4um der 2-LM Band, komponiert f\u00fcr die 23 Amateurmusikerinnen und -musiker. [&hellip;]<\/p>\n","protected":false},"author":1,"featured_media":0,"parent":0,"menu_order":0,"comment_status":"closed","ping_status":"closed","template":"","meta":{"ngg_post_thumbnail":0,"footnotes":""},"class_list":["post-21","page","type-page","status-publish","hentry"],"_links":{"self":[{"href":"https:\/\/www.2lm.ch\/wordpress\/wp-json\/wp\/v2\/pages\/21","targetHints":{"allow":["GET"]}}],"collection":[{"href":"https:\/\/www.2lm.ch\/wordpress\/wp-json\/wp\/v2\/pages"}],"about":[{"href":"https:\/\/www.2lm.ch\/wordpress\/wp-json\/wp\/v2\/types\/page"}],"author":[{"embeddable":true,"href":"https:\/\/www.2lm.ch\/wordpress\/wp-json\/wp\/v2\/users\/1"}],"replies":[{"embeddable":true,"href":"https:\/\/www.2lm.ch\/wordpress\/wp-json\/wp\/v2\/comments?post=21"}],"version-history":[{"count":20,"href":"https:\/\/www.2lm.ch\/wordpress\/wp-json\/wp\/v2\/pages\/21\/revisions"}],"predecessor-version":[{"id":1061,"href":"https:\/\/www.2lm.ch\/wordpress\/wp-json\/wp\/v2\/pages\/21\/revisions\/1061"}],"wp:attachment":[{"href":"https:\/\/www.2lm.ch\/wordpress\/wp-json\/wp\/v2\/media?parent=21"}],"curies":[{"name":"wp","href":"https:\/\/api.w.org\/{rel}","templated":true}]}}