{"id":446,"date":"2014-05-12T08:15:23","date_gmt":"2014-05-12T06:15:23","guid":{"rendered":"http:\/\/2lm.ch\/?page_id=446"},"modified":"2014-05-12T10:40:26","modified_gmt":"2014-05-12T08:40:26","slug":"erfolgreiches-benefizkonzert-zum-muttertag","status":"publish","type":"page","link":"https:\/\/www.2lm.ch\/wordpress\/erfolgreiches-benefizkonzert-zum-muttertag","title":{"rendered":"Erfolgreiches Benefizkonzert zum Muttertag"},"content":{"rendered":"<p><strong>Das Benefizkonzert zum Muttertag zugunsten des Kinderheims Gamander des Liecht. Roten Kreuzes am Samstagabend, den 10. Mai 2014, im Vaduzer Saal war musikalisch ein voller Erfolg. Die 200 Besucherinnen und Besucher bekamen ein attraktives, abwechslungsreiches und zu Herzen gehendes Konzert geboten. Die 2-L\u00e4ndermusikanten spielten bekannte St\u00fccke aus ihrem Repertoire. Special Guests Young Stars und Chantal Nitzlnader rundeten das Programm fantastisch ab. F\u00fcr das leibliche Wohl war Albrecht Wolf mit seinem Team besorgt.<br \/>\n<\/strong><br \/>\nLeider musste I.D. F\u00fcrstin Marie von und zu Liechtenstein, Patronatsherrin des Benefizkonzertes, kurzfristig ihr zugesagtes Kommen absagen. Unter den Ehreng\u00e4sten befand sich auch Regierungschef Adrian Hasler mit Gattin Gudrun. Beide genossen das Konzert und erfreuten sich an den musikalischen Darbietungen. In vier Bl\u00f6cken, unterbrochen von vier kurzen Pausen, zeigten die 2-L\u00e4nder Musikanten ihr breites K\u00f6nnen. Mit dem Lied \u201eEs ist so sch\u00f6n, ein Musikant zu sein\u201c, wurde das Benefizkonzert unter der Leitung von Dirigent Kurt Boll er\u00f6ffnet.<\/p>\n<p>Danach begr\u00fcsste Manager Markus Schaper die Anwesenden, bedankte sich bei den zahlreichen Sponsoren, speziell der Stiftung Propter Homines und der Gemeinde Vaduz und w\u00fcnschte allen einen wunderbaren Abend. Er bedankte sich auch bei Evi Hoop und Fredy Gamper f\u00fcr die gelungene B\u00fchnen- und Tischdekoration.<\/p>\n<p><strong>Zuschauer klatschen begeistert<\/strong><\/p>\n<p>Neun St\u00fccke umfasste der erste Block. Andr\u00e9 Breitenmoser f\u00fchrte gekonnt und charmant durch das Repertoire. Heike und Therry bereicherten mit ihren gesanglichen Darbietungen das Konzert. So war es kein Wunder, das der Titel des letzten Liedes \u201eDas Feuer der Sehnsucht\u201c auch auf die Besucher \u00fcbersprang und diese immer wieder begeistert klatschten.<\/p>\n<p><strong>Kinder tanzen und singen f\u00fcr Kinder<\/strong><\/p>\n<p>Der zweite Block stand ganz im Zeichen der Young Stars unter der Leitung von Chantal Nitzlnader. Faszinierend und beeindruckend, was diese dreieinhalb- bis 15j\u00e4hrigen M\u00e4dchen und Buben t\u00e4nzerisch, choreografisch und gesanglich einfach so drauf haben. Kein Wunder, dass sie mit ihrer zu Herzen gehenden Darbietung grossartig beim Publikum ankamen und mit grossem Applaus belohnt wurden.<\/p>\n<div id=\"attachment_473\" style=\"width: 810px\" class=\"wp-caption alignnone\"><a href=\"http:\/\/www.2lm.ch\/wordpress\/wp-content\/uploads\/2014\/05\/2LM-3-Bildergalerie.jpg\"><img loading=\"lazy\" decoding=\"async\" aria-describedby=\"caption-attachment-473\" class=\"size-full wp-image-473\" alt=\"Quelle: Nils Volmar\" src=\"http:\/\/www.2lm.ch\/wordpress\/wp-content\/uploads\/2014\/05\/2LM-3-Bildergalerie.jpg\" width=\"800\" height=\"532\" srcset=\"https:\/\/www.2lm.ch\/wordpress\/wp-content\/uploads\/2014\/05\/2LM-3-Bildergalerie.jpg 800w, https:\/\/www.2lm.ch\/wordpress\/wp-content\/uploads\/2014\/05\/2LM-3-Bildergalerie-300x199.jpg 300w, https:\/\/www.2lm.ch\/wordpress\/wp-content\/uploads\/2014\/05\/2LM-3-Bildergalerie-624x414.jpg 624w\" sizes=\"auto, (max-width: 800px) 100vw, 800px\" \/><\/a><p id=\"caption-attachment-473\" class=\"wp-caption-text\">Quelle: Nils Volmar<\/p><\/div>\n<p>Im dritten Block dann spielten die 2-L\u00e4nder Musikanten wieder auf (Egerl\u00e4nder Musikantenherz), um dann mit Chantal Nitzlnader so richtig abzugrooven. Chantals eindr\u00fcckliches Stimmvolumen, musikalisch passend von den 2-L\u00e4nder Musikanten begleitet, beeindruckte bei Songs wie \u201eI don\u2019t mean an thing\u201c, \u201eDo nothing\u2019till you hear from me\u201c oder \u201eHit the road Jack\u201c.<\/p>\n<div id=\"attachment_471\" style=\"width: 810px\" class=\"wp-caption alignnone\"><a href=\"http:\/\/www.2lm.ch\/wordpress\/wp-content\/uploads\/2014\/05\/2LM-1-Bildergalerie.jpg\"><img loading=\"lazy\" decoding=\"async\" aria-describedby=\"caption-attachment-471\" class=\"size-full wp-image-471\" alt=\"Quelle: Nils Volmar\" src=\"http:\/\/www.2lm.ch\/wordpress\/wp-content\/uploads\/2014\/05\/2LM-1-Bildergalerie.jpg\" width=\"800\" height=\"530\" srcset=\"https:\/\/www.2lm.ch\/wordpress\/wp-content\/uploads\/2014\/05\/2LM-1-Bildergalerie.jpg 800w, https:\/\/www.2lm.ch\/wordpress\/wp-content\/uploads\/2014\/05\/2LM-1-Bildergalerie-300x198.jpg 300w, https:\/\/www.2lm.ch\/wordpress\/wp-content\/uploads\/2014\/05\/2LM-1-Bildergalerie-624x413.jpg 624w\" sizes=\"auto, (max-width: 800px) 100vw, 800px\" \/><\/a><p id=\"caption-attachment-471\" class=\"wp-caption-text\">Quelle: Nils Volmar<\/p><\/div>\n<p><strong>Grosses gemeinsames Finale<\/strong><\/p>\n<p>Der vierte Block war Finale und H\u00f6hepunkt in einem. Nach einem Beachboys-Medley der 2-L\u00e4nder Musikanten, traten die Youngstars mit der 2-LM-Kleingruppe auf. Mit dem Song \u201eDanke f\u00fcr die Lieder\u201c (Thank you for the music von ABBA) verabschiedeten sich die 2-L\u00e4nder Musikanten, Chantal Nitzlnader und Young Stars unter donnerndem Applaus des begeisterten Publikums.<\/p>\n<div id=\"attachment_474\" style=\"width: 810px\" class=\"wp-caption alignnone\"><a href=\"http:\/\/www.2lm.ch\/wordpress\/wp-content\/uploads\/2014\/05\/2LM-4-Bildergalerie.jpg\"><img loading=\"lazy\" decoding=\"async\" aria-describedby=\"caption-attachment-474\" class=\"size-full wp-image-474\" alt=\"Quelle: Nils Volmar\" src=\"http:\/\/www.2lm.ch\/wordpress\/wp-content\/uploads\/2014\/05\/2LM-4-Bildergalerie.jpg\" width=\"800\" height=\"473\" srcset=\"https:\/\/www.2lm.ch\/wordpress\/wp-content\/uploads\/2014\/05\/2LM-4-Bildergalerie.jpg 800w, https:\/\/www.2lm.ch\/wordpress\/wp-content\/uploads\/2014\/05\/2LM-4-Bildergalerie-300x177.jpg 300w, https:\/\/www.2lm.ch\/wordpress\/wp-content\/uploads\/2014\/05\/2LM-4-Bildergalerie-624x368.jpg 624w\" sizes=\"auto, (max-width: 800px) 100vw, 800px\" \/><\/a><p id=\"caption-attachment-474\" class=\"wp-caption-text\">Quelle: Nils Volmar<\/p><\/div>\n<p>Text: Markus Schaper, <b>Seven Ps Anstalt<\/b> (<a href=\"m&#97;&#x69;&#x6c;&#x74;o&#58;&#x69;&#x6e;&#x66;o&#64;&#x73;&#x65;&#x76;e&#110;&#x2d;&#x70;&#x73;&#46;&#108;&#x69;\">&#x69;&#x6e;&#x66;&#x6f;&#x40;&#x73;&#x65;&#x76;&#x65;&#x6e;&#x2d;&#x70;&#x73;&#x2e;&#108;&#105;<\/a>), Bilder: Nils Volmar<\/p>\n","protected":false},"excerpt":{"rendered":"<p>Das Benefizkonzert zum Muttertag zugunsten des Kinderheims Gamander des Liecht. Roten Kreuzes am Samstagabend, den 10. Mai 2014, im Vaduzer Saal war musikalisch ein voller Erfolg. Die 200 Besucherinnen und Besucher bekamen ein attraktives, abwechslungsreiches und zu Herzen gehendes Konzert geboten. Die 2-L\u00e4ndermusikanten spielten bekannte St\u00fccke aus ihrem Repertoire. Special Guests Young Stars und Chantal [&hellip;]<\/p>\n","protected":false},"author":1,"featured_media":0,"parent":0,"menu_order":0,"comment_status":"closed","ping_status":"open","template":"","meta":{"ngg_post_thumbnail":0,"footnotes":""},"class_list":["post-446","page","type-page","status-publish","hentry"],"_links":{"self":[{"href":"https:\/\/www.2lm.ch\/wordpress\/wp-json\/wp\/v2\/pages\/446","targetHints":{"allow":["GET"]}}],"collection":[{"href":"https:\/\/www.2lm.ch\/wordpress\/wp-json\/wp\/v2\/pages"}],"about":[{"href":"https:\/\/www.2lm.ch\/wordpress\/wp-json\/wp\/v2\/types\/page"}],"author":[{"embeddable":true,"href":"https:\/\/www.2lm.ch\/wordpress\/wp-json\/wp\/v2\/users\/1"}],"replies":[{"embeddable":true,"href":"https:\/\/www.2lm.ch\/wordpress\/wp-json\/wp\/v2\/comments?post=446"}],"version-history":[{"count":11,"href":"https:\/\/www.2lm.ch\/wordpress\/wp-json\/wp\/v2\/pages\/446\/revisions"}],"predecessor-version":[{"id":478,"href":"https:\/\/www.2lm.ch\/wordpress\/wp-json\/wp\/v2\/pages\/446\/revisions\/478"}],"wp:attachment":[{"href":"https:\/\/www.2lm.ch\/wordpress\/wp-json\/wp\/v2\/media?parent=446"}],"curies":[{"name":"wp","href":"https:\/\/api.w.org\/{rel}","templated":true}]}}