{"id":506,"date":"2014-06-14T09:32:00","date_gmt":"2014-06-14T07:32:00","guid":{"rendered":"http:\/\/2lm.ch\/?page_id=506"},"modified":"2014-06-14T10:03:22","modified_gmt":"2014-06-14T08:03:22","slug":"checkuebergabe-auf-schloss-vaduz","status":"publish","type":"page","link":"https:\/\/www.2lm.ch\/wordpress\/checkuebergabe-auf-schloss-vaduz","title":{"rendered":"Check\u00fcbergabe auf Schloss Vaduz"},"content":{"rendered":"<p><strong>I.D. F\u00fcrstin Marie von und zu Liechtenstein erhielt auf Schloss Vaduz am Freitag, den 13. Juni 2014, einen Check \u00fcber CHF 7\u2018000 zugunsten des Kinderheims \u201eGamander\u201c des Liechtensteinischen Roten Kreuzes \u00fcberreicht. Dies war der Reinerl\u00f6s des Benefizkonzerts zum Muttertag der 2-L\u00e4nder Musikanten. Pr\u00e4sident Gabriel Hoop und Manager Markus Schaper \u00fcberreichten im Beisein von Tanja Pl\u00fcss, Pr\u00e4sidentin des Musicalvereins Young Stars und Chantal Nitzlnader, Musicaldarstellerin, Gesangscoach und Choreografin der Young Stars, den Check.<\/strong><\/p>\n<div id=\"attachment_511\" style=\"width: 635px\" class=\"wp-caption alignnone\"><a href=\"http:\/\/www.2lm.ch\/wordpress\/wp-content\/uploads\/2014\/06\/Checkuebergabe4MB.jpg\"><img loading=\"lazy\" decoding=\"async\" aria-describedby=\"caption-attachment-511\" src=\"http:\/\/www.2lm.ch\/wordpress\/wp-content\/uploads\/2014\/06\/Checkuebergabe4MB-1024x682.jpg\" alt=\"I.D. die Landesf\u00fcrstin (Mitte), durfte in Ihrer Funktion als Pr\u00e4sidentin des Liechtensteinischen Roten Kreuzes aus den H\u00e4nden von 2-L\u00e4nder-Musikanten-pr\u00e4sident Gabriel Hoop (2.v.l.) und deren Manager Markus Schaper (2.v.r.) den Check \u00fcber CHF 7\u2018000,-- aus dem Reinerl\u00f6s des Muttertagsbenefizkonzertes entgegennehmen. Tanja Pl\u00fcss (links) Pr\u00e4sidentin der Young Stars und Chantal Nitzlnader (rechts), Solistin, Gesangscoach und Choreografin der Young Stars, freuen sich ebenfalls. Foto: Paul Trummer \" width=\"625\" height=\"416\" class=\"size-large wp-image-511\" srcset=\"https:\/\/www.2lm.ch\/wordpress\/wp-content\/uploads\/2014\/06\/Checkuebergabe4MB-1024x682.jpg 1024w, https:\/\/www.2lm.ch\/wordpress\/wp-content\/uploads\/2014\/06\/Checkuebergabe4MB-300x200.jpg 300w, https:\/\/www.2lm.ch\/wordpress\/wp-content\/uploads\/2014\/06\/Checkuebergabe4MB-624x416.jpg 624w\" sizes=\"auto, (max-width: 625px) 100vw, 625px\" \/><\/a><p id=\"caption-attachment-511\" class=\"wp-caption-text\">I.D. die Landesf\u00fcrstin (Mitte), durfte in Ihrer Funktion als Pr\u00e4sidentin des Liechtensteinischen Roten Kreuzes aus den H\u00e4nden von 2-L\u00e4nder-Musikanten-pr\u00e4sident Gabriel Hoop (2.v.l.) und deren Manager Markus Schaper (2.v.r.) den Check \u00fcber CHF 7\u2018000,&#8211; aus dem Reinerl\u00f6s des Muttertagsbenefizkonzertes entgegennehmen. Tanja Pl\u00fcss (links) Pr\u00e4sidentin der Young Stars und Chantal Nitzlnader (rechts), Solistin, Gesangscoach und Choreografin der Young Stars, freuen sich ebenfalls. Foto: Paul Trummer<\/p><\/div>\n<p>Aus Anlass ihres 20j\u00e4hrigen Bestehens hatten die 2-L\u00e4nder Musikanten am Samstag vor Muttertag ein Benefizkonzert im Vaduzer Saal organisiert. Zum musikalischen Gelingen trugen nebst den Darbietungen der 2-L\u00e4nder Musikanten auch der Musicalverein Young Stars und Solistin Chantal Nitzlnader bei.<\/p>\n<p>Ihre Durchlaucht, die Landesf\u00fcrstin, bedankte sich als Pr\u00e4sidentin im Namen des Liechtensteinischen Roten Kreuzes recht herzlich f\u00fcr diese Spende. \u201eIch danke allen Beteiligten an diesem Benefizkonzert von Herzen f\u00fcr Ihren Einsatz, der diese Spende zu Gunsten des Kinderheims Gamander erm\u00f6glicht hat. Dies auch im Namen der Kinder, die im Kinderheim Gamander einige unbeschwerte Tage und Wochen verbringen k\u00f6nnen. Gelebte Solidarit\u00e4t, die gl\u00fccklich macht.\u201c<\/p>\n<p>Pr\u00e4sident Gabriel Hoop verwies auf die Entstehungsgeschichte und erkl\u00e4rte. \u201eDa wir im letzten Jahr unser 20j\u00e4hriges Jubil\u00e4um feiern durften, hatten wir uns \u00fcberlegt, im Sinne der Solidarit\u00e4t etwas aktiv beizutragen. Und so ist die Idee des Benefizkonzertes zum Muttertag entstanden. Ich danke auch den Young Stars aus Nendeln und Chantal Nitzlnader f\u00fcr ihr Mitwirken, welches das Konzert bereichert hat.\u201c<\/p>\n<p>Manager Markus Schaper zeigte sich sehr erfreut \u00fcber das Ergebnis. \u201eEs ist sch\u00f6n, wenn man dabei sein darf, wenn\u00a0 durch Einsatz und Spendenfreudigkeit ein solcher Anlass wie das Benefizkonzert zustande kommt und dann noch ein solches Ergebnis f\u00fcr Menschlichkeit und Solidarit\u00e4t nach sich zieht. Ein herzliches Dankesch\u00f6n an dieser Stelle auch allen Sponsoren und G\u00f6nnern, die dies erm\u00f6glichten.\u201c<\/p>\n<p>F\u00fcr Chantal Nitzlnader und Young Stars-Pr\u00e4sidentin Tanja Pl\u00fcss war es eine Ehrensache und Herzensangelegenheit, beim Benefizkonzert ebenfalls mitzumachen, wie beide betonten: \u201eWir mussten nicht lange \u00fcberlegen. Es ist sch\u00f6n, wenn wir mit Musik helfen k\u00f6nnen. Und den Kindern hat es einen Riesenspass gemacht.\u201c<\/p>\n","protected":false},"excerpt":{"rendered":"<p>I.D. F\u00fcrstin Marie von und zu Liechtenstein erhielt auf Schloss Vaduz am Freitag, den 13. Juni 2014, einen Check \u00fcber CHF 7\u2018000 zugunsten des Kinderheims \u201eGamander\u201c des Liechtensteinischen Roten Kreuzes \u00fcberreicht. Dies war der Reinerl\u00f6s des Benefizkonzerts zum Muttertag der 2-L\u00e4nder Musikanten. Pr\u00e4sident Gabriel Hoop und Manager Markus Schaper \u00fcberreichten im Beisein von Tanja Pl\u00fcss, [&hellip;]<\/p>\n","protected":false},"author":1,"featured_media":0,"parent":0,"menu_order":0,"comment_status":"closed","ping_status":"open","template":"","meta":{"ngg_post_thumbnail":0,"footnotes":""},"class_list":["post-506","page","type-page","status-publish","hentry"],"_links":{"self":[{"href":"https:\/\/www.2lm.ch\/wordpress\/wp-json\/wp\/v2\/pages\/506","targetHints":{"allow":["GET"]}}],"collection":[{"href":"https:\/\/www.2lm.ch\/wordpress\/wp-json\/wp\/v2\/pages"}],"about":[{"href":"https:\/\/www.2lm.ch\/wordpress\/wp-json\/wp\/v2\/types\/page"}],"author":[{"embeddable":true,"href":"https:\/\/www.2lm.ch\/wordpress\/wp-json\/wp\/v2\/users\/1"}],"replies":[{"embeddable":true,"href":"https:\/\/www.2lm.ch\/wordpress\/wp-json\/wp\/v2\/comments?post=506"}],"version-history":[{"count":14,"href":"https:\/\/www.2lm.ch\/wordpress\/wp-json\/wp\/v2\/pages\/506\/revisions"}],"predecessor-version":[{"id":530,"href":"https:\/\/www.2lm.ch\/wordpress\/wp-json\/wp\/v2\/pages\/506\/revisions\/530"}],"wp:attachment":[{"href":"https:\/\/www.2lm.ch\/wordpress\/wp-json\/wp\/v2\/media?parent=506"}],"curies":[{"name":"wp","href":"https:\/\/api.w.org\/{rel}","templated":true}]}}