{"id":540,"date":"2014-09-25T18:40:24","date_gmt":"2014-09-25T16:40:24","guid":{"rendered":"http:\/\/2lm.ch\/?page_id=540"},"modified":"2014-09-27T13:17:23","modified_gmt":"2014-09-27T11:17:23","slug":"tramin-2014","status":"publish","type":"page","link":"https:\/\/www.2lm.ch\/wordpress\/tramin-2014","title":{"rendered":"Tramin 2014"},"content":{"rendered":"<p><strong>Die 2lm gastierte in Tramin. Ein wunderbares Konzert vor begeistertem Publikum bildete den H\u00f6hepunkt der zweit\u00e4gigen Reise (th).<\/strong><\/p>\n<p>Die Reise f\u00fchrte uns ins Weindorf Tramin im S\u00fcdtirol. Tramin liegt etwas s\u00fcdlich von Bozen, einen gr\u00f6sseren Steinwurf vom Kalternsee entfernt, mitten in sch\u00f6nstem Reb- und Obstgebiet. Der Gew\u00fcrztraminer ist das wohl allseits bekannte Erzeugnis aus Tramin.<\/p>\n<p>Am Wochenende des 6.\/7. Septembers 2014 war ein grosses Musikfest angesagt, an dem sich drei grosse Musikkapellen aus Ober\u00f6sterreich und den Umgebungen von Ravensburg und Stuttgart, sowie die einheimische Traminer B\u00f6hmische und nat\u00fcrlich wir, die Zweil\u00e4ndermusikanten, beteiligten. Mit uns angereist war das Krainerprojekt, einer Kleinformation aus dem Unterrheintal in Oberkrainerbesetzung. Wir waren f\u00fcr das Samstagabendkonzert engagiert worden und durften zusammen mit dem Krainerprojekt vor rund 500 Zuh\u00f6rern f\u00fcr beste Unterhaltungsmusik sorgen.<\/p>\n<div id=\"attachment_564\" style=\"width: 635px\" class=\"wp-caption alignnone\"><a href=\"http:\/\/www.2lm.ch\/wordpress\/wp-content\/uploads\/2014\/09\/n7cvza0kLJM9Q1DiUfWd1JEkU0ANb-xqJfjOufUHtfEyNX2aljbMg-pRWqtZOekH_-1Rr5RohUaaO7C53RcMA-1.jpeg\"><img loading=\"lazy\" decoding=\"async\" aria-describedby=\"caption-attachment-564\" class=\"size-large wp-image-564\" alt=\"2lm in concert\" src=\"http:\/\/www.2lm.ch\/wordpress\/wp-content\/uploads\/2014\/09\/n7cvza0kLJM9Q1DiUfWd1JEkU0ANb-xqJfjOufUHtfEyNX2aljbMg-pRWqtZOekH_-1Rr5RohUaaO7C53RcMA-1-1024x768.jpeg\" width=\"625\" height=\"468\" srcset=\"https:\/\/www.2lm.ch\/wordpress\/wp-content\/uploads\/2014\/09\/n7cvza0kLJM9Q1DiUfWd1JEkU0ANb-xqJfjOufUHtfEyNX2aljbMg-pRWqtZOekH_-1Rr5RohUaaO7C53RcMA-1-1024x768.jpeg 1024w, https:\/\/www.2lm.ch\/wordpress\/wp-content\/uploads\/2014\/09\/n7cvza0kLJM9Q1DiUfWd1JEkU0ANb-xqJfjOufUHtfEyNX2aljbMg-pRWqtZOekH_-1Rr5RohUaaO7C53RcMA-1-300x225.jpeg 300w, https:\/\/www.2lm.ch\/wordpress\/wp-content\/uploads\/2014\/09\/n7cvza0kLJM9Q1DiUfWd1JEkU0ANb-xqJfjOufUHtfEyNX2aljbMg-pRWqtZOekH_-1Rr5RohUaaO7C53RcMA-1-624x468.jpeg 624w, https:\/\/www.2lm.ch\/wordpress\/wp-content\/uploads\/2014\/09\/n7cvza0kLJM9Q1DiUfWd1JEkU0ANb-xqJfjOufUHtfEyNX2aljbMg-pRWqtZOekH_-1Rr5RohUaaO7C53RcMA-1.jpeg 1280w\" sizes=\"auto, (max-width: 625px) 100vw, 625px\" \/><\/a><p id=\"caption-attachment-564\" class=\"wp-caption-text\">2lm in concert<\/p><\/div>\n<p>Die Anreise f\u00fchrte uns, die Mitglieder der 2lm, zahlreiche Angeh\u00f6rige und das Krainerprojekt, via Brenner ins S\u00fcdtirol. In Feldkirch luden wir noch unsere Regina zu und fuhren dann zielstrebig zu unserem ersten Halt in der bekannten Autobahnrastst\u00e4tte bei Mils. Einige g\u00f6nnten sich einen feinen Zn\u00fcni, f\u00fcr viele d\u00fcrfte es wohl eher der etwas sp\u00e4te Zmorga gewesen sein. Nach dem Kaffee waren nun alle wach und unser Pr\u00e4sident Gabriel, der die Reise zusammen mit seiner Frau bestens organisiert hat, begr\u00fcsste uns und pr\u00e4gte uns die wichtigsten Stationen ein. Damit wir nicht v\u00f6llig ungebildet in die Ferne reisten, brachte uns dann Fredy, der Initiant dieser Reise, das Wichtigste zur Geschichte, Geographie und auch zu anatomischen Bezeichnungen anhand eines anspruchsvollen und am\u00fcsanten schriftlichen Tests bei.<\/p>\n<p>Die Wetterprognosen waren eher widerspr\u00fcchlich und so kam beim Anblick erster blauer L\u00f6cher auf der Fahrt \u00fcber den Brenner viel Freude und Hoffnung auf sch\u00f6nes, warmes Sp\u00e4tsommerwetter auf. Tats\u00e4chlich durften wir das Mittagessen in Kollmann bei strahlendem Sonnenschein einnehmen und uns wurde klar, dass wir nebst den warmen Fliessjacken besser auch noch Sonnenbrillen h\u00e4tten einpacken sollen.<\/p>\n<div id=\"attachment_561\" style=\"width: 635px\" class=\"wp-caption alignnone\"><a href=\"http:\/\/www.2lm.ch\/wordpress\/wp-content\/uploads\/2014\/09\/Tramin101.jpeg\"><img loading=\"lazy\" decoding=\"async\" aria-describedby=\"caption-attachment-561\" class=\"size-large wp-image-561\" alt=\"Apero zum Mittagessen\" src=\"http:\/\/www.2lm.ch\/wordpress\/wp-content\/uploads\/2014\/09\/Tramin101-1024x768.jpeg\" width=\"625\" height=\"468\" srcset=\"https:\/\/www.2lm.ch\/wordpress\/wp-content\/uploads\/2014\/09\/Tramin101-1024x768.jpeg 1024w, https:\/\/www.2lm.ch\/wordpress\/wp-content\/uploads\/2014\/09\/Tramin101-300x225.jpeg 300w, https:\/\/www.2lm.ch\/wordpress\/wp-content\/uploads\/2014\/09\/Tramin101-624x468.jpeg 624w, https:\/\/www.2lm.ch\/wordpress\/wp-content\/uploads\/2014\/09\/Tramin101.jpeg 1280w\" sizes=\"auto, (max-width: 625px) 100vw, 625px\" \/><\/a><p id=\"caption-attachment-561\" class=\"wp-caption-text\">Apero zum Mittagessen<\/p><\/div>\n<p>Das Mittagessen war hervorragend. Ein Apero unter freiem Himmel mit feinen Weissweinen und netter Bedienung war nur der Anfang. Danach gab es in einem wundersch\u00f6nen Weinlokal ein einfaches, wunderbar schmeckendes Mittagessen. Nat\u00fcrlich stand an jedem Tisch auch ein Tonkrug mit vorz\u00fcglichem Rotwein. Es wurde beobachtet, dass sich einer unserer Saxofonisten ganze viermal sch\u00f6pfen liess! Das sagt doch alles. Als \u00dcberraschung erfreute uns das Krainerprojekts zwischendurch mit einer witzigen und fetzigen Gesangseinlage. Etwas sp\u00e4ter trug unsere S\u00e4ngerin und bekannte Jodlerin Theresia solo ein sehr sch\u00f6n gesungenes, ebenfalls witziges Jodellied vor. Wieso man eine solche Wohlf\u00fchloase verlassen sollte, sah inzwischen fast niemand mehr ein, so dass unser Pr\u00e4sident seine liebe M\u00fche hatte, uns wieder zum Car zu bewegen.<\/p>\n<div id=\"attachment_554\" style=\"width: 635px\" class=\"wp-caption alignnone\"><a href=\"http:\/\/www.2lm.ch\/wordpress\/wp-content\/uploads\/2014\/09\/Tramin6.jpeg\"><img loading=\"lazy\" decoding=\"async\" aria-describedby=\"caption-attachment-554\" class=\"size-large wp-image-554\" alt=\"Ausschnitt des Festgel\u00e4ndes\" src=\"http:\/\/www.2lm.ch\/wordpress\/wp-content\/uploads\/2014\/09\/Tramin6-1024x768.jpeg\" width=\"625\" height=\"468\" srcset=\"https:\/\/www.2lm.ch\/wordpress\/wp-content\/uploads\/2014\/09\/Tramin6-1024x768.jpeg 1024w, https:\/\/www.2lm.ch\/wordpress\/wp-content\/uploads\/2014\/09\/Tramin6-300x225.jpeg 300w, https:\/\/www.2lm.ch\/wordpress\/wp-content\/uploads\/2014\/09\/Tramin6-624x468.jpeg 624w, https:\/\/www.2lm.ch\/wordpress\/wp-content\/uploads\/2014\/09\/Tramin6.jpeg 1280w\" sizes=\"auto, (max-width: 625px) 100vw, 625px\" \/><\/a><p id=\"caption-attachment-554\" class=\"wp-caption-text\">Ausschnitt des Festgel\u00e4ndes<\/p><\/div>\n<p>In Tramin angekommen, besuchten wir zuerst das Festgel\u00e4nde, ein riesiges Gel\u00e4nde, gr\u00f6sstenteils \u00fcberdacht und mit Tischen und B\u00e4nken besetzt, auf der einen Seite Theken f\u00fcr die Ausgabe von Getr\u00e4nken und Essen und gegen\u00fcber eine grosse, gedeckte B\u00fchne. Bereits um diese Zeit war viel Volk anwesend und viele in gepflegten Trachtenkleidern. Unseren Soundcheck mussten wir etwas kurz halten, weil bereits der Einzug der grossen Musikkapellen zu h\u00f6ren war. Mit Marschmusik und in sch\u00f6nen Trachten bezogen sie das Festgel\u00e4nde und spielten dann eine um die andere auf. Wir bezogen zwischenzeitlich unsere Hotelzimmer im Nachbardorf Auer und hatten sogar noch etwas Zeit f\u00fcr ein kleines Nickerchen.<\/p>\n<p>Beizeiten sammelten wir uns in Konzertkleidung f\u00fcr die Hinfahrt zum Ort des Geschehens. Wie \u00fcblich waren wir von unten bis oben schwarz mit leuchtender, roter Krawatte gekleidet. Unsere Damen aber, sie hatten sich offensichtlich vorg\u00e4ngig im Geheimen abgesprochen, trugen zu unserer grossen Freude und \u00dcberraschung alle ein Dirndl!<\/p>\n<div id=\"attachment_549\" style=\"width: 635px\" class=\"wp-caption alignnone\"><a href=\"http:\/\/www.2lm.ch\/wordpress\/wp-content\/uploads\/2014\/09\/Tramin12.jpeg\"><img loading=\"lazy\" decoding=\"async\" aria-describedby=\"caption-attachment-549\" class=\"size-large wp-image-549\" alt=\"Das Fundament: Martina am Keyboard, Mutter Evi am Schlagzeug, Tramin-Initiant Fredy am Bass\" src=\"http:\/\/www.2lm.ch\/wordpress\/wp-content\/uploads\/2014\/09\/Tramin12-1024x768.jpeg\" width=\"625\" height=\"468\" srcset=\"https:\/\/www.2lm.ch\/wordpress\/wp-content\/uploads\/2014\/09\/Tramin12-1024x768.jpeg 1024w, https:\/\/www.2lm.ch\/wordpress\/wp-content\/uploads\/2014\/09\/Tramin12-300x225.jpeg 300w, https:\/\/www.2lm.ch\/wordpress\/wp-content\/uploads\/2014\/09\/Tramin12-624x468.jpeg 624w, https:\/\/www.2lm.ch\/wordpress\/wp-content\/uploads\/2014\/09\/Tramin12.jpeg 1280w\" sizes=\"auto, (max-width: 625px) 100vw, 625px\" \/><\/a><p id=\"caption-attachment-549\" class=\"wp-caption-text\">Das Fundament: Martina am Keyboard, Mutter Evi am Schlagzeug, Tramin-Initiant Fredy am Bass<\/p><\/div>\n<p>Um 20 Uhr waren wir dran. Die grossen Kapellen hatten nat\u00fcrlich die Stimmung bereits gut vorbereitet. So war es f\u00fcr uns ein besonderes Erlebnis, vor so grossem, freudig applaudierendem und tanzendem Publikum ein wirklich sehr gelungenes, abwechslungsreiches Konzert zu spielen. Wir spielten wie gewohnt unsere ganze Breite, von der b\u00f6hmisch-m\u00e4hrischen Volksmusik \u00fcber Schlager, Evergreens bis zum Swing. Das kam sehr gut an.<\/p>\n<div id=\"attachment_552\" style=\"width: 635px\" class=\"wp-caption alignnone\"><a href=\"http:\/\/www.2lm.ch\/wordpress\/wp-content\/uploads\/2014\/09\/Tramin8.jpeg\"><img loading=\"lazy\" decoding=\"async\" aria-describedby=\"caption-attachment-552\" class=\"size-large wp-image-552\" alt=\"Kurt dirigiert\" src=\"http:\/\/www.2lm.ch\/wordpress\/wp-content\/uploads\/2014\/09\/Tramin8-1024x768.jpeg\" width=\"625\" height=\"468\" srcset=\"https:\/\/www.2lm.ch\/wordpress\/wp-content\/uploads\/2014\/09\/Tramin8-1024x768.jpeg 1024w, https:\/\/www.2lm.ch\/wordpress\/wp-content\/uploads\/2014\/09\/Tramin8-300x225.jpeg 300w, https:\/\/www.2lm.ch\/wordpress\/wp-content\/uploads\/2014\/09\/Tramin8-624x468.jpeg 624w, https:\/\/www.2lm.ch\/wordpress\/wp-content\/uploads\/2014\/09\/Tramin8.jpeg 1280w\" sizes=\"auto, (max-width: 625px) 100vw, 625px\" \/><\/a><p id=\"caption-attachment-552\" class=\"wp-caption-text\">Kurt dirigiert<\/p><\/div>\n<p>Kurt leitete uns pr\u00e4zise und Andr\u00e9 wirkte in seiner pfiffigen Art als Conferencier.<\/p>\n<div id=\"attachment_548\" style=\"width: 635px\" class=\"wp-caption alignnone\"><a href=\"http:\/\/www.2lm.ch\/wordpress\/wp-content\/uploads\/2014\/09\/Tramin11.jpeg\"><img loading=\"lazy\" decoding=\"async\" aria-describedby=\"caption-attachment-548\" class=\"size-large wp-image-548\" alt=\"Theresia und Andr\u00e9\" src=\"http:\/\/www.2lm.ch\/wordpress\/wp-content\/uploads\/2014\/09\/Tramin11-1024x768.jpeg\" width=\"625\" height=\"468\" srcset=\"https:\/\/www.2lm.ch\/wordpress\/wp-content\/uploads\/2014\/09\/Tramin11-1024x768.jpeg 1024w, https:\/\/www.2lm.ch\/wordpress\/wp-content\/uploads\/2014\/09\/Tramin11-300x225.jpeg 300w, https:\/\/www.2lm.ch\/wordpress\/wp-content\/uploads\/2014\/09\/Tramin11-624x468.jpeg 624w, https:\/\/www.2lm.ch\/wordpress\/wp-content\/uploads\/2014\/09\/Tramin11.jpeg 1280w\" sizes=\"auto, (max-width: 625px) 100vw, 625px\" \/><\/a><p id=\"caption-attachment-548\" class=\"wp-caption-text\">Theresia und Andr\u00e9<\/p><\/div>\n<p>Unsere S\u00e4ngerin Theresia, teilweise im Duett mit Andr\u00e9, brachte ihre sch\u00f6ne Stimme besonders bei den Schlagern gut zur Geltung.<\/p>\n<p>Und dann kam Heike, sie sang \u201eDo nothin\u2019 till you hear from me\u201c von Duke Ellington und war danach der Shooting Star des Abends.<\/p>\n<div id=\"attachment_546\" style=\"width: 635px\" class=\"wp-caption alignnone\"><a href=\"http:\/\/www.2lm.ch\/wordpress\/wp-content\/uploads\/2014\/09\/Tramin13.jpeg\"><img loading=\"lazy\" decoding=\"async\" aria-describedby=\"caption-attachment-546\" class=\"size-large wp-image-546\" alt=\"Heike singt &quot;Do nothin' till you here from me&quot; von Duke Ellington\" src=\"http:\/\/www.2lm.ch\/wordpress\/wp-content\/uploads\/2014\/09\/Tramin13-1024x768.jpeg\" width=\"625\" height=\"468\" srcset=\"https:\/\/www.2lm.ch\/wordpress\/wp-content\/uploads\/2014\/09\/Tramin13-1024x768.jpeg 1024w, https:\/\/www.2lm.ch\/wordpress\/wp-content\/uploads\/2014\/09\/Tramin13-300x225.jpeg 300w, https:\/\/www.2lm.ch\/wordpress\/wp-content\/uploads\/2014\/09\/Tramin13-624x468.jpeg 624w, https:\/\/www.2lm.ch\/wordpress\/wp-content\/uploads\/2014\/09\/Tramin13.jpeg 1280w\" sizes=\"auto, (max-width: 625px) 100vw, 625px\" \/><\/a><p id=\"caption-attachment-546\" class=\"wp-caption-text\">Heike singt &#8220;Do nothin&#8217; till you here from me&#8221; von Duke Ellington<\/p><\/div>\n<p>Sehr gef\u00fchlvolle T\u00f6ne waren im Fl\u00f6tensolo \u201eEinsamer Hirte\u201c von James Last zu h\u00f6ren, perfekt vorgetragen von unserer Martina.<\/p>\n<div id=\"attachment_553\" style=\"width: 635px\" class=\"wp-caption alignnone\"><a href=\"http:\/\/www.2lm.ch\/wordpress\/wp-content\/uploads\/2014\/09\/Tramin7.jpeg\"><img loading=\"lazy\" decoding=\"async\" aria-describedby=\"caption-attachment-553\" class=\"size-large wp-image-553\" alt=\"Martina spielt das Fl\u00f6tensolo &quot;Einsamer Hirte&quot; von James Last\" src=\"http:\/\/www.2lm.ch\/wordpress\/wp-content\/uploads\/2014\/09\/Tramin7-1024x768.jpeg\" width=\"625\" height=\"468\" srcset=\"https:\/\/www.2lm.ch\/wordpress\/wp-content\/uploads\/2014\/09\/Tramin7-1024x768.jpeg 1024w, https:\/\/www.2lm.ch\/wordpress\/wp-content\/uploads\/2014\/09\/Tramin7-300x225.jpeg 300w, https:\/\/www.2lm.ch\/wordpress\/wp-content\/uploads\/2014\/09\/Tramin7-624x468.jpeg 624w, https:\/\/www.2lm.ch\/wordpress\/wp-content\/uploads\/2014\/09\/Tramin7.jpeg 1280w\" sizes=\"auto, (max-width: 625px) 100vw, 625px\" \/><\/a><p id=\"caption-attachment-553\" class=\"wp-caption-text\">Martina spielt das Fl\u00f6tensolo &#8220;Einsamer Hirte&#8221; von James Last<\/p><\/div>\n<p>Auch bei uns durfte der \u201eB\u00f6hmische Traum\u201c nat\u00fcrlich nicht fehlen und so gelang es uns, die bereits heftig in Fahrt gekommenen Ober\u00f6sterreicher Musikantenfreunde ganz aus dem H\u00e4uschen bringen.<\/p>\n<p>Anschliessend traten die Musiker des Krainer Projekts auf.<\/p>\n<div id=\"attachment_551\" style=\"width: 635px\" class=\"wp-caption alignnone\"><a href=\"http:\/\/www.2lm.ch\/wordpress\/wp-content\/uploads\/2014\/09\/Tramin9.jpeg\"><img loading=\"lazy\" decoding=\"async\" aria-describedby=\"caption-attachment-551\" class=\"size-large wp-image-551\" alt=\"Krainer Projekt in Aktion\" src=\"http:\/\/www.2lm.ch\/wordpress\/wp-content\/uploads\/2014\/09\/Tramin9-1024x768.jpeg\" width=\"625\" height=\"468\" srcset=\"https:\/\/www.2lm.ch\/wordpress\/wp-content\/uploads\/2014\/09\/Tramin9-1024x768.jpeg 1024w, https:\/\/www.2lm.ch\/wordpress\/wp-content\/uploads\/2014\/09\/Tramin9-300x225.jpeg 300w, https:\/\/www.2lm.ch\/wordpress\/wp-content\/uploads\/2014\/09\/Tramin9-624x468.jpeg 624w, https:\/\/www.2lm.ch\/wordpress\/wp-content\/uploads\/2014\/09\/Tramin9.jpeg 1280w\" sizes=\"auto, (max-width: 625px) 100vw, 625px\" \/><\/a><p id=\"caption-attachment-551\" class=\"wp-caption-text\">Krainer Projekt in Aktion<\/p><\/div>\n<p>Mit Andr\u00e9, Bruno und Theresia sind gleich mehrere Mitglieder der 2lm dabei. Sie spielten, wie es der Name sagt, nat\u00fcrlich Oberkrainer, aber auch ganz andere Musikstile. Alles hervorragend gespielt und vieles auf Stimmung ausgerichtet. Das Publikum ging mit, tanzte, sang mit und applaudierte. Da die ganze Veranstaltung mitten im Dorf statt fand, musste mit R\u00fccksicht auf die schlafwillige Bev\u00f6lkerung das Musizieren leider viel zu fr\u00fch eingestellt werden.<\/p>\n<p>Nach einer Nacht in unserem ruhigen und tadellosen Hotel genossen wir zuerst ausgiebig einen reichhaltigen Zmorga. Danach nahmen wir am Fr\u00fchschoppenkonzert der einheimischen Traminer B\u00f6hmischen und zwei der anderen beiden Kapellen teil. Das Wetter war perfekt und manche setzten sich an die pralle Sonne, nur, um in diesem Sommer doch noch wenigstens einen leichten Sonnenbrand zu holen.<\/p>\n<p>Nach dem Mittagessen mussten wir bereits unsere Heimreise antreten. Entlang der Weinstrasse fuhren wir an Bozen und Meran vorbei \u00fcbers Vintschgau zum Reschenpass. Dort nahmen wir einen letzten Zvieri zu uns. Fredy nutzte die Gelegenheit, um das Ergebnis der schriftlichen Tests bekannt zu geben. Offenbar war ihm die detaillierte Auswertung zu viel geworden &#8211; wann h\u00e4tte er bei diesen Festivit\u00e4ten schon Zeit dazu finden k\u00f6nnen \u2013 so hat er vern\u00fcnftigerweise einfach unsere beiden Aushilfen Fredi und Elmar zu Siegern erkoren. Als Preis wurde ihnen ein langer Wurstring geschenkt, allerdings durften sie erst die erste Wurst mitnehmen.<\/p>\n<div id=\"attachment_562\" style=\"width: 635px\" class=\"wp-caption alignnone\"><a href=\"http:\/\/www.2lm.ch\/wordpress\/wp-content\/uploads\/2014\/09\/Tramin141.jpeg\"><img loading=\"lazy\" decoding=\"async\" aria-describedby=\"caption-attachment-562\" class=\"size-large wp-image-562\" alt=\"Preisverleihung\" src=\"http:\/\/www.2lm.ch\/wordpress\/wp-content\/uploads\/2014\/09\/Tramin141-1024x768.jpeg\" width=\"625\" height=\"468\" srcset=\"https:\/\/www.2lm.ch\/wordpress\/wp-content\/uploads\/2014\/09\/Tramin141-1024x768.jpeg 1024w, https:\/\/www.2lm.ch\/wordpress\/wp-content\/uploads\/2014\/09\/Tramin141-300x225.jpeg 300w, https:\/\/www.2lm.ch\/wordpress\/wp-content\/uploads\/2014\/09\/Tramin141-624x468.jpeg 624w, https:\/\/www.2lm.ch\/wordpress\/wp-content\/uploads\/2014\/09\/Tramin141.jpeg 1280w\" sizes=\"auto, (max-width: 625px) 100vw, 625px\" \/><\/a><p id=\"caption-attachment-562\" class=\"wp-caption-text\">Preisverleihung<\/p><\/div>\n<p>Sie mussten sich dazu gegen\u00fcber Fredy, dessen Vorfahren vor rund 500 Jahren im Vintschgau geadelt wurden, entsprechend unterw\u00fcrfig zeigen. Die restlichen W\u00fcrste werden ihnen, in der Hoffnung, sie so zu weiteren Diensten zu motivieren, erst bei den n\u00e4chsten Eins\u00e4tzen ausgeh\u00e4ndigt.<\/p>\n<p>Im letzten Teilst\u00fcck via Landeck und Arlberg nach Buchs nutzte Peter die Gelegenheit, die zwei Tage in am\u00fcsanter Weise zu rekapitulieren und in Namen aller den Organisatoren bestens zu danken. Diesem Dank m\u00f6chten wir uns anschliessen und Gabriel, Evi, Fredy und Rosi herzlich f\u00fcr die Organisation und Hans Heeb f\u00fcr die sichere Fahrt danken.<\/p>\n<p>Tramin war eine Reise wert!<\/p>\n","protected":false},"excerpt":{"rendered":"<p>Die 2lm gastierte in Tramin. Ein wunderbares Konzert vor begeistertem Publikum bildete den H\u00f6hepunkt der zweit\u00e4gigen Reise (th). Die Reise f\u00fchrte uns ins Weindorf Tramin im S\u00fcdtirol. Tramin liegt etwas s\u00fcdlich von Bozen, einen gr\u00f6sseren Steinwurf vom Kalternsee entfernt, mitten in sch\u00f6nstem Reb- und Obstgebiet. Der Gew\u00fcrztraminer ist das wohl allseits bekannte Erzeugnis aus Tramin. [&hellip;]<\/p>\n","protected":false},"author":1,"featured_media":0,"parent":0,"menu_order":0,"comment_status":"closed","ping_status":"open","template":"","meta":{"ngg_post_thumbnail":0,"footnotes":""},"class_list":["post-540","page","type-page","status-publish","hentry"],"_links":{"self":[{"href":"https:\/\/www.2lm.ch\/wordpress\/wp-json\/wp\/v2\/pages\/540","targetHints":{"allow":["GET"]}}],"collection":[{"href":"https:\/\/www.2lm.ch\/wordpress\/wp-json\/wp\/v2\/pages"}],"about":[{"href":"https:\/\/www.2lm.ch\/wordpress\/wp-json\/wp\/v2\/types\/page"}],"author":[{"embeddable":true,"href":"https:\/\/www.2lm.ch\/wordpress\/wp-json\/wp\/v2\/users\/1"}],"replies":[{"embeddable":true,"href":"https:\/\/www.2lm.ch\/wordpress\/wp-json\/wp\/v2\/comments?post=540"}],"version-history":[{"count":8,"href":"https:\/\/www.2lm.ch\/wordpress\/wp-json\/wp\/v2\/pages\/540\/revisions"}],"predecessor-version":[{"id":570,"href":"https:\/\/www.2lm.ch\/wordpress\/wp-json\/wp\/v2\/pages\/540\/revisions\/570"}],"wp:attachment":[{"href":"https:\/\/www.2lm.ch\/wordpress\/wp-json\/wp\/v2\/media?parent=540"}],"curies":[{"name":"wp","href":"https:\/\/api.w.org\/{rel}","templated":true}]}}